{"id":2359,"date":"2022-06-22T09:07:13","date_gmt":"2022-06-22T16:07:13","guid":{"rendered":"https:\/\/tempdev.bestovernite.com\/quienes-somos\/"},"modified":"2024-01-11T06:33:15","modified_gmt":"2024-01-11T14:33:15","slug":"quienes-somos","status":"publish","type":"page","link":"https:\/\/tempdev.bestovernite.com\/es\/quienes-somos\/","title":{"rendered":"Qui\u00e9nes somos"},"content":{"rendered":"\t\t<div data-elementor-type=\"wp-page\" data-elementor-id=\"2359\" class=\"elementor elementor-2359 elementor-154\">\n\t\t\t\t\t\t\t\t\t<section class=\"elementor-section elementor-top-section elementor-element elementor-element-3e5068c elementor-section-boxed elementor-section-height-default elementor-section-height-default\" data-id=\"3e5068c\" data-element_type=\"section\">\n\t\t\t\t\t\t\t<div class=\"elementor-background-overlay\"><\/div>\n\t\t\t\t\t\t\t<div class=\"elementor-container elementor-column-gap-default\">\n\t\t\t\t\t<div class=\"elementor-column elementor-col-100 elementor-top-column elementor-element elementor-element-7727fb8\" data-id=\"7727fb8\" data-element_type=\"column\">\n\t\t\t<div class=\"elementor-widget-wrap elementor-element-populated\">\n\t\t\t\t\t\t\t\t<div class=\"elementor-element elementor-element-cd92970 elementor-widget elementor-widget-spacer\" data-id=\"cd92970\" data-element_type=\"widget\" data-widget_type=\"spacer.default\">\n\t\t\t\t<div class=\"elementor-widget-container\">\n\t\t\t<style>\/*! elementor - v3.18.0 - 20-12-2023 *\/\n.elementor-column .elementor-spacer-inner{height:var(--spacer-size)}.e-con{--container-widget-width:100%}.e-con-inner>.elementor-widget-spacer,.e-con>.elementor-widget-spacer{width:var(--container-widget-width,var(--spacer-size));--align-self:var(--container-widget-align-self,initial);--flex-shrink:0}.e-con-inner>.elementor-widget-spacer>.elementor-widget-container,.e-con>.elementor-widget-spacer>.elementor-widget-container{height:100%;width:100%}.e-con-inner>.elementor-widget-spacer>.elementor-widget-container>.elementor-spacer,.e-con>.elementor-widget-spacer>.elementor-widget-container>.elementor-spacer{height:100%}.e-con-inner>.elementor-widget-spacer>.elementor-widget-container>.elementor-spacer>.elementor-spacer-inner,.e-con>.elementor-widget-spacer>.elementor-widget-container>.elementor-spacer>.elementor-spacer-inner{height:var(--container-widget-height,var(--spacer-size))}.e-con-inner>.elementor-widget-spacer.elementor-widget-empty,.e-con>.elementor-widget-spacer.elementor-widget-empty{position:relative;min-height:22px;min-width:22px}.e-con-inner>.elementor-widget-spacer.elementor-widget-empty .elementor-widget-empty-icon,.e-con>.elementor-widget-spacer.elementor-widget-empty .elementor-widget-empty-icon{position:absolute;top:0;bottom:0;left:0;right:0;margin:auto;padding:0;width:22px;height:22px}<\/style>\t\t<div class=\"elementor-spacer\">\n\t\t\t<div class=\"elementor-spacer-inner\"><\/div>\n\t\t<\/div>\n\t\t\t\t<\/div>\n\t\t\t\t<\/div>\n\t\t\t\t\t<\/div>\n\t\t<\/div>\n\t\t\t\t\t\t\t<\/div>\n\t\t<\/section>\n\t\t\t\t<section class=\"elementor-section elementor-top-section elementor-element elementor-element-474dc4d elementor-section-boxed elementor-section-height-default elementor-section-height-default\" data-id=\"474dc4d\" data-element_type=\"section\">\n\t\t\t\t\t\t<div class=\"elementor-container elementor-column-gap-default\">\n\t\t\t\t\t<div class=\"elementor-column elementor-col-50 elementor-top-column elementor-element elementor-element-f1685fb\" data-id=\"f1685fb\" data-element_type=\"column\">\n\t\t\t<div class=\"elementor-widget-wrap elementor-element-populated\">\n\t\t\t\t\t\t\t\t<div class=\"elementor-element elementor-element-e9838ab elementor-widget elementor-widget-heading\" data-id=\"e9838ab\" data-element_type=\"widget\" data-widget_type=\"heading.default\">\n\t\t\t\t<div class=\"elementor-widget-container\">\n\t\t\t<style>\/*! elementor - v3.18.0 - 20-12-2023 *\/\n.elementor-heading-title{padding:0;margin:0;line-height:1}.elementor-widget-heading .elementor-heading-title[class*=elementor-size-]>a{color:inherit;font-size:inherit;line-height:inherit}.elementor-widget-heading .elementor-heading-title.elementor-size-small{font-size:15px}.elementor-widget-heading .elementor-heading-title.elementor-size-medium{font-size:19px}.elementor-widget-heading .elementor-heading-title.elementor-size-large{font-size:29px}.elementor-widget-heading .elementor-heading-title.elementor-size-xl{font-size:39px}.elementor-widget-heading .elementor-heading-title.elementor-size-xxl{font-size:59px}<\/style><h2 class=\"elementor-heading-title elementor-size-default\">Declaraci\u00f3n de Misi\u00f3n<\/h2>\t\t<\/div>\n\t\t\t\t<\/div>\n\t\t\t\t<div class=\"elementor-element elementor-element-248e587 elementor-widget elementor-widget-text-editor\" data-id=\"248e587\" data-element_type=\"widget\" data-widget_type=\"text-editor.default\">\n\t\t\t\t<div class=\"elementor-widget-container\">\n\t\t\t<style>\/*! elementor - v3.18.0 - 20-12-2023 *\/\n.elementor-widget-text-editor.elementor-drop-cap-view-stacked .elementor-drop-cap{background-color:#69727d;color:#fff}.elementor-widget-text-editor.elementor-drop-cap-view-framed .elementor-drop-cap{color:#69727d;border:3px solid;background-color:transparent}.elementor-widget-text-editor:not(.elementor-drop-cap-view-default) .elementor-drop-cap{margin-top:8px}.elementor-widget-text-editor:not(.elementor-drop-cap-view-default) .elementor-drop-cap-letter{width:1em;height:1em}.elementor-widget-text-editor .elementor-drop-cap{float:left;text-align:center;line-height:1;font-size:50px}.elementor-widget-text-editor .elementor-drop-cap-letter{display:inline-block}<\/style>\t\t\t\t<p><strong>Seguridad<\/strong>, <strong>Personas<\/strong>, <strong>Rendimiento<\/strong>. <\/p>\n<p>Proteger <em>la seguridad<\/em> del p\u00fablico y de nuestros empleados es nuestra primera responsabilidad como proveedor de transporte de alquiler. La seguridad debe ser lo primero y una consideraci\u00f3n integral en toda toma de decisiones. <\/p>\n<p>Las organizaciones est\u00e1n formadas por <em>personas<\/em>. Best Overnite cree en el fomento de un entorno que refuerce la importancia de contar con las personas adecuadas para desempe\u00f1ar sus funciones. Las personas, trabajando juntas, con una mentalidad unificada y un prop\u00f3sito claro, alcanzar\u00e1n el \u00e9xito en sus esfuerzos.<\/p>\n<p><em>El rendimiento<\/em> es la forma en que demostramos nuestra calidad y compromiso. Medir y evaluar el rendimiento es una herramienta valiosa que ofrece oportunidades de aprendizaje y formaci\u00f3n en el puesto de trabajo. <\/p>\n\t\t\t\t\t\t<\/div>\n\t\t\t\t<\/div>\n\t\t\t\t\t<\/div>\n\t\t<\/div>\n\t\t\t\t<div class=\"elementor-column elementor-col-50 elementor-top-column elementor-element elementor-element-84c9e69\" data-id=\"84c9e69\" data-element_type=\"column\">\n\t\t\t<div class=\"elementor-widget-wrap elementor-element-populated\">\n\t\t\t\t\t\t\t\t<section class=\"elementor-section elementor-inner-section elementor-element elementor-element-7f94fbb elementor-section-boxed elementor-section-height-default elementor-section-height-default\" data-id=\"7f94fbb\" data-element_type=\"section\">\n\t\t\t\t\t\t<div class=\"elementor-container elementor-column-gap-no\">\n\t\t\t\t\t<div class=\"elementor-column elementor-col-50 elementor-inner-column elementor-element elementor-element-678e1f3\" data-id=\"678e1f3\" data-element_type=\"column\">\n\t\t\t<div class=\"elementor-widget-wrap elementor-element-populated\">\n\t\t\t\t\t\t\t\t<div class=\"elementor-element elementor-element-8956a52 elementor-widget elementor-widget-image\" data-id=\"8956a52\" data-element_type=\"widget\" data-widget_type=\"image.default\">\n\t\t\t\t<div class=\"elementor-widget-container\">\n\t\t\t<style>\/*! elementor - v3.18.0 - 20-12-2023 *\/\n.elementor-widget-image{text-align:center}.elementor-widget-image a{display:inline-block}.elementor-widget-image a img[src$=\".svg\"]{width:48px}.elementor-widget-image img{vertical-align:middle;display:inline-block}<\/style>\t\t\t\t\t\t\t\t\t\t\t\t<img fetchpriority=\"high\" decoding=\"async\" width=\"266\" height=\"300\" src=\"https:\/\/tempdev.bestovernite.com\/wp-content\/uploads\/2022\/10\/about-us-inspecting-boxes1.jpg\" class=\"attachment-full size-full wp-image-1121\" alt=\"Safety\" \/>\t\t\t\t\t\t\t\t\t\t\t\t\t\t\t<\/div>\n\t\t\t\t<\/div>\n\t\t\t\t<div class=\"elementor-element elementor-element-bdb27ea elementor-widget elementor-widget-icon-box\" data-id=\"bdb27ea\" data-element_type=\"widget\" data-widget_type=\"icon-box.default\">\n\t\t\t\t<div class=\"elementor-widget-container\">\n\t\t\t<link rel=\"stylesheet\" href=\"https:\/\/tempdev.bestovernite.com\/wp-content\/plugins\/elementor\/assets\/css\/widget-icon-box.min.css\">\t\t<div class=\"elementor-icon-box-wrapper\">\n\t\t\t\t\t\t<div class=\"elementor-icon-box-content\">\n\t\t\t\t<h3 class=\"elementor-icon-box-title\">\n\t\t\t\t\t<span  >\n\t\t\t\t\t\tSeguridad\t\t\t\t\t<\/span>\n\t\t\t\t<\/h3>\n\t\t\t\t\t\t\t\t\t<p class=\"elementor-icon-box-description\">\n\t\t\t\t\t\tProteger al p\u00fablico y a nuestros empleados\t\t\t\t\t<\/p>\n\t\t\t\t\t\t\t<\/div>\n\t\t<\/div>\n\t\t\t\t<\/div>\n\t\t\t\t<\/div>\n\t\t\t\t\t<\/div>\n\t\t<\/div>\n\t\t\t\t<div class=\"elementor-column elementor-col-50 elementor-inner-column elementor-element elementor-element-3bf3461\" data-id=\"3bf3461\" data-element_type=\"column\">\n\t\t\t<div class=\"elementor-widget-wrap elementor-element-populated\">\n\t\t\t\t\t\t\t\t<div class=\"elementor-element elementor-element-e1cb02c elementor-widget elementor-widget-image\" data-id=\"e1cb02c\" data-element_type=\"widget\" data-widget_type=\"image.default\">\n\t\t\t\t<div class=\"elementor-widget-container\">\n\t\t\t\t\t\t\t\t\t\t\t\t\t\t\t<img decoding=\"async\" width=\"266\" height=\"300\" src=\"https:\/\/tempdev.bestovernite.com\/wp-content\/uploads\/2022\/10\/about-us-clipboard-forklift2.jpg\" class=\"attachment-full size-full wp-image-1124\" alt=\"People\" \/>\t\t\t\t\t\t\t\t\t\t\t\t\t\t\t<\/div>\n\t\t\t\t<\/div>\n\t\t\t\t<div class=\"elementor-element elementor-element-e8bfca6 elementor-widget elementor-widget-icon-box\" data-id=\"e8bfca6\" data-element_type=\"widget\" data-widget_type=\"icon-box.default\">\n\t\t\t\t<div class=\"elementor-widget-container\">\n\t\t\t\t\t<div class=\"elementor-icon-box-wrapper\">\n\t\t\t\t\t\t<div class=\"elementor-icon-box-content\">\n\t\t\t\t<h3 class=\"elementor-icon-box-title\">\n\t\t\t\t\t<span  >\n\t\t\t\t\t\tPersonas\t\t\t\t\t<\/span>\n\t\t\t\t<\/h3>\n\t\t\t\t\t\t\t\t\t<p class=\"elementor-icon-box-description\">\n\t\t\t\t\t\tContar con las personas adecuadas para desempe\u00f1ar sus funciones\t\t\t\t\t<\/p>\n\t\t\t\t\t\t\t<\/div>\n\t\t<\/div>\n\t\t\t\t<\/div>\n\t\t\t\t<\/div>\n\t\t\t\t\t<\/div>\n\t\t<\/div>\n\t\t\t\t\t\t\t<\/div>\n\t\t<\/section>\n\t\t\t\t<section class=\"elementor-section elementor-inner-section elementor-element elementor-element-94a9e53 elementor-section-boxed elementor-section-height-default elementor-section-height-default\" data-id=\"94a9e53\" data-element_type=\"section\">\n\t\t\t\t\t\t<div class=\"elementor-container elementor-column-gap-no\">\n\t\t\t\t\t<div class=\"elementor-column elementor-col-100 elementor-inner-column elementor-element elementor-element-c5d1fb7\" data-id=\"c5d1fb7\" data-element_type=\"column\">\n\t\t\t<div class=\"elementor-widget-wrap elementor-element-populated\">\n\t\t\t\t\t\t\t\t<div class=\"elementor-element elementor-element-a6c6fbe elementor-widget elementor-widget-image\" data-id=\"a6c6fbe\" data-element_type=\"widget\" data-widget_type=\"image.default\">\n\t\t\t\t<div class=\"elementor-widget-container\">\n\t\t\t\t\t\t\t\t\t\t\t\t\t\t\t<img decoding=\"async\" width=\"565\" height=\"250\" src=\"https:\/\/tempdev.bestovernite.com\/wp-content\/uploads\/2022\/10\/about-us-forklift-team-horizontal2.jpg\" class=\"attachment-full size-full wp-image-1126\" alt=\"Performance\" srcset=\"https:\/\/tempdev.bestovernite.com\/wp-content\/uploads\/2022\/10\/about-us-forklift-team-horizontal2.jpg 565w, https:\/\/tempdev.bestovernite.com\/wp-content\/uploads\/2022\/10\/about-us-forklift-team-horizontal2-300x133.jpg 300w\" sizes=\"(max-width: 565px) 100vw, 565px\" \/>\t\t\t\t\t\t\t\t\t\t\t\t\t\t\t<\/div>\n\t\t\t\t<\/div>\n\t\t\t\t<div class=\"elementor-element elementor-element-0d7f46d elementor-widget elementor-widget-icon-box\" data-id=\"0d7f46d\" data-element_type=\"widget\" data-widget_type=\"icon-box.default\">\n\t\t\t\t<div class=\"elementor-widget-container\">\n\t\t\t\t\t<div class=\"elementor-icon-box-wrapper\">\n\t\t\t\t\t\t<div class=\"elementor-icon-box-content\">\n\t\t\t\t<h3 class=\"elementor-icon-box-title\">\n\t\t\t\t\t<span  >\n\t\t\t\t\t\tRendimiento\t\t\t\t\t<\/span>\n\t\t\t\t<\/h3>\n\t\t\t\t\t\t\t\t\t<p class=\"elementor-icon-box-description\">\n\t\t\t\t\t\tDemostrando nuestra calidad y compromiso\t\t\t\t\t<\/p>\n\t\t\t\t\t\t\t<\/div>\n\t\t<\/div>\n\t\t\t\t<\/div>\n\t\t\t\t<\/div>\n\t\t\t\t\t<\/div>\n\t\t<\/div>\n\t\t\t\t\t\t\t<\/div>\n\t\t<\/section>\n\t\t\t\t\t<\/div>\n\t\t<\/div>\n\t\t\t\t\t\t\t<\/div>\n\t\t<\/section>\n\t\t\t\t<section class=\"elementor-section elementor-top-section elementor-element elementor-element-dcf6758 elementor-section-boxed elementor-section-height-default elementor-section-height-default\" data-id=\"dcf6758\" data-element_type=\"section\" data-settings=\"{&quot;background_background&quot;:&quot;classic&quot;}\">\n\t\t\t\t\t\t<div class=\"elementor-container elementor-column-gap-default\">\n\t\t\t\t\t<div class=\"elementor-column elementor-col-100 elementor-top-column elementor-element elementor-element-95ba99e\" data-id=\"95ba99e\" data-element_type=\"column\">\n\t\t\t<div class=\"elementor-widget-wrap elementor-element-populated\">\n\t\t\t\t\t\t\t\t<section class=\"elementor-section elementor-inner-section elementor-element elementor-element-2839ccc elementor-section-boxed elementor-section-height-default elementor-section-height-default\" data-id=\"2839ccc\" data-element_type=\"section\">\n\t\t\t\t\t\t<div class=\"elementor-container elementor-column-gap-default\">\n\t\t\t\t\t<div class=\"elementor-column elementor-col-50 elementor-inner-column elementor-element elementor-element-19cecd4\" data-id=\"19cecd4\" data-element_type=\"column\" data-settings=\"{&quot;background_background&quot;:&quot;classic&quot;}\">\n\t\t\t<div class=\"elementor-widget-wrap elementor-element-populated\">\n\t\t\t\t\t\t\t\t<div class=\"elementor-element elementor-element-ef47dfb elementor-widget elementor-widget-spacer\" data-id=\"ef47dfb\" data-element_type=\"widget\" data-widget_type=\"spacer.default\">\n\t\t\t\t<div class=\"elementor-widget-container\">\n\t\t\t\t\t<div class=\"elementor-spacer\">\n\t\t\t<div class=\"elementor-spacer-inner\"><\/div>\n\t\t<\/div>\n\t\t\t\t<\/div>\n\t\t\t\t<\/div>\n\t\t\t\t\t<\/div>\n\t\t<\/div>\n\t\t\t\t<div class=\"elementor-column elementor-col-50 elementor-inner-column elementor-element elementor-element-ac8630b\" data-id=\"ac8630b\" data-element_type=\"column\" data-settings=\"{&quot;background_background&quot;:&quot;classic&quot;}\">\n\t\t\t<div class=\"elementor-widget-wrap elementor-element-populated\">\n\t\t\t\t\t<div class=\"elementor-background-overlay\"><\/div>\n\t\t\t\t\t\t\t\t<div class=\"elementor-element elementor-element-84d1e78 elementor-widget elementor-widget-heading\" data-id=\"84d1e78\" data-element_type=\"widget\" data-widget_type=\"heading.default\">\n\t\t\t\t<div class=\"elementor-widget-container\">\n\t\t\t<h2 class=\"elementor-heading-title elementor-size-default\">Acerca de Best Overnite<\/h2>\t\t<\/div>\n\t\t\t\t<\/div>\n\t\t\t\t<div class=\"elementor-element elementor-element-ecac438 elementor-widget elementor-widget-text-editor\" data-id=\"ecac438\" data-element_type=\"widget\" data-widget_type=\"text-editor.default\">\n\t\t\t\t<div class=\"elementor-widget-container\">\n\t\t\t\t\t\t\t<p>Best Overnite es un proveedor de servicios de carga parcial (LTL) de primera generaci\u00f3n, de capital privado y basado en activos, con sede en Irwindale (California) y fundado en 1987. Los centros de servicio de Best Overnite est\u00e1n situados estrat\u00e9gicamente por toda California, proporcionando tiempos de tr\u00e1nsito \u00f3ptimos para los clientes y eficiencia operativa para la organizaci\u00f3n. Nuestras alianzas de socios en Estados Unidos y Canad\u00e1 son transparentes y fluidas. Somos la respuesta a sus mudanzas locales, necesidades regionales de la costa oeste y su alternativa a los transportistas nacionales en el espacio LTL de larga distancia.<\/p>\n\t\t\t\t\t\t<\/div>\n\t\t\t\t<\/div>\n\t\t\t\t\t<\/div>\n\t\t<\/div>\n\t\t\t\t\t\t\t<\/div>\n\t\t<\/section>\n\t\t\t\t\t<\/div>\n\t\t<\/div>\n\t\t\t\t\t\t\t<\/div>\n\t\t<\/section>\n\t\t\t\t\t\t\t<\/div>\n\t\t","protected":false},"excerpt":{"rendered":"<p>Declaraci\u00f3n de Misi\u00f3n Seguridad, Personas, Rendimiento. Proteger la seguridad del p\u00fablico y de nuestros empleados es nuestra primera responsabilidad como proveedor de transporte de alquiler. La seguridad debe ser lo primero y una consideraci\u00f3n integral en toda toma de decisiones. Las organizaciones est\u00e1n formadas por personas. Best Overnite cree en el fomento de un entorno [&hellip;]<\/p>\n","protected":false},"author":1,"featured_media":0,"parent":0,"menu_order":0,"comment_status":"closed","ping_status":"closed","template":"elementor_header_footer","meta":{"footnotes":""},"class_list":["post-2359","page","type-page","status-publish","hentry"],"yoast_head":"<!-- This site is optimized with the Yoast SEO plugin v22.6 - https:\/\/yoast.com\/wordpress\/plugins\/seo\/ -->\n<title>Qui\u00e9nes somos - Best Overnite Express<\/title>\n<meta name=\"description\" content=\"Best Overnite es un proveedor de servicios de carga parcial (LTL) de primera generaci\u00f3n, de capital privado y basado en activos, con sede en Irwindale, California.\" \/>\n<meta name=\"robots\" content=\"index, follow, max-snippet:-1, max-image-preview:large, max-video-preview:-1\" \/>\n<link rel=\"canonical\" href=\"https:\/\/tempdev.bestovernite.com\/es\/quienes-somos\/\" \/>\n<meta property=\"og:locale\" content=\"es_ES\" \/>\n<meta property=\"og:type\" content=\"article\" \/>\n<meta property=\"og:title\" content=\"Qui\u00e9nes somos - Best Overnite Express\" \/>\n<meta property=\"og:description\" content=\"Best Overnite es un proveedor de servicios de carga parcial (LTL) de primera generaci\u00f3n, de capital privado y basado en activos, con sede en Irwindale, California.\" \/>\n<meta property=\"og:url\" content=\"https:\/\/tempdev.bestovernite.com\/es\/quienes-somos\/\" \/>\n<meta property=\"og:site_name\" content=\"Best Overnite Express\" \/>\n<meta property=\"article:publisher\" content=\"https:\/\/www.facebook.com\/btvpltl\" \/>\n<meta property=\"article:modified_time\" content=\"2024-01-11T14:33:15+00:00\" \/>\n<meta property=\"og:image\" content=\"https:\/\/tempdev.bestovernite.com\/wp-content\/uploads\/2022\/10\/about-us-inspecting-boxes1.jpg\" \/>\n<meta name=\"twitter:card\" content=\"summary_large_image\" \/>\n<meta name=\"twitter:label1\" content=\"Tiempo de lectura\" \/>\n\t<meta name=\"twitter:data1\" content=\"1 minuto\" \/>\n<script type=\"application\/ld+json\" class=\"yoast-schema-graph\">{\"@context\":\"https:\/\/schema.org\",\"@graph\":[{\"@type\":\"WebPage\",\"@id\":\"https:\/\/tempdev.bestovernite.com\/es\/quienes-somos\/\",\"url\":\"https:\/\/tempdev.bestovernite.com\/es\/quienes-somos\/\",\"name\":\"Qui\u00e9nes somos - Best Overnite Express\",\"isPartOf\":{\"@id\":\"https:\/\/tempdev.bestovernite.com\/es\/#website\"},\"primaryImageOfPage\":{\"@id\":\"https:\/\/tempdev.bestovernite.com\/es\/quienes-somos\/#primaryimage\"},\"image\":{\"@id\":\"https:\/\/tempdev.bestovernite.com\/es\/quienes-somos\/#primaryimage\"},\"thumbnailUrl\":\"https:\/\/tempdev.bestovernite.com\/wp-content\/uploads\/2022\/10\/about-us-inspecting-boxes1.jpg\",\"datePublished\":\"2022-06-22T16:07:13+00:00\",\"dateModified\":\"2024-01-11T14:33:15+00:00\",\"description\":\"Best Overnite es un proveedor de servicios de carga parcial (LTL) de primera generaci\u00f3n, de capital privado y basado en activos, con sede en Irwindale, California.\",\"breadcrumb\":{\"@id\":\"https:\/\/tempdev.bestovernite.com\/es\/quienes-somos\/#breadcrumb\"},\"inLanguage\":\"es\",\"potentialAction\":[{\"@type\":\"ReadAction\",\"target\":[\"https:\/\/tempdev.bestovernite.com\/es\/quienes-somos\/\"]}]},{\"@type\":\"ImageObject\",\"inLanguage\":\"es\",\"@id\":\"https:\/\/tempdev.bestovernite.com\/es\/quienes-somos\/#primaryimage\",\"url\":\"https:\/\/tempdev.bestovernite.com\/wp-content\/uploads\/2022\/10\/about-us-inspecting-boxes1.jpg\",\"contentUrl\":\"https:\/\/tempdev.bestovernite.com\/wp-content\/uploads\/2022\/10\/about-us-inspecting-boxes1.jpg\"},{\"@type\":\"BreadcrumbList\",\"@id\":\"https:\/\/tempdev.bestovernite.com\/es\/quienes-somos\/#breadcrumb\",\"itemListElement\":[{\"@type\":\"ListItem\",\"position\":1,\"name\":\"Casa\",\"item\":\"https:\/\/tempdev.bestovernite.com\/es\/casa\/\"},{\"@type\":\"ListItem\",\"position\":2,\"name\":\"Qui\u00e9nes somos\"}]},{\"@type\":\"WebSite\",\"@id\":\"https:\/\/tempdev.bestovernite.com\/es\/#website\",\"url\":\"https:\/\/tempdev.bestovernite.com\/es\/\",\"name\":\"Best Overnite Express\",\"description\":\"Su transportista LTL\",\"publisher\":{\"@id\":\"https:\/\/tempdev.bestovernite.com\/es\/#organization\"},\"potentialAction\":[{\"@type\":\"SearchAction\",\"target\":{\"@type\":\"EntryPoint\",\"urlTemplate\":\"https:\/\/tempdev.bestovernite.com\/es\/?s={search_term_string}\"},\"query-input\":\"required name=search_term_string\"}],\"inLanguage\":\"es\"},{\"@type\":\"Organization\",\"@id\":\"https:\/\/tempdev.bestovernite.com\/es\/#organization\",\"name\":\"Best Overnite Express\",\"url\":\"https:\/\/tempdev.bestovernite.com\/es\/\",\"logo\":{\"@type\":\"ImageObject\",\"inLanguage\":\"es\",\"@id\":\"https:\/\/tempdev.bestovernite.com\/es\/#\/schema\/logo\/image\/\",\"url\":\"https:\/\/tempdev.bestovernite.com\/wp-content\/uploads\/2022\/06\/logo.png\",\"contentUrl\":\"https:\/\/tempdev.bestovernite.com\/wp-content\/uploads\/2022\/06\/logo.png\",\"width\":294,\"height\":109,\"caption\":\"Best Overnite Express\"},\"image\":{\"@id\":\"https:\/\/tempdev.bestovernite.com\/es\/#\/schema\/logo\/image\/\"},\"sameAs\":[\"https:\/\/www.facebook.com\/btvpltl\",\"http:\/\/www.linkedin.com\/company\/best-overnite-express-inc-\",\"https:\/\/www.youtube.com\/user\/micahapple714\"]}]}<\/script>\n<!-- \/ Yoast SEO plugin. -->","yoast_head_json":{"title":"Qui\u00e9nes somos - Best Overnite Express","description":"Best Overnite es un proveedor de servicios de carga parcial (LTL) de primera generaci\u00f3n, de capital privado y basado en activos, con sede en Irwindale, California.","robots":{"index":"index","follow":"follow","max-snippet":"max-snippet:-1","max-image-preview":"max-image-preview:large","max-video-preview":"max-video-preview:-1"},"canonical":"https:\/\/tempdev.bestovernite.com\/es\/quienes-somos\/","og_locale":"es_ES","og_type":"article","og_title":"Qui\u00e9nes somos - Best Overnite Express","og_description":"Best Overnite es un proveedor de servicios de carga parcial (LTL) de primera generaci\u00f3n, de capital privado y basado en activos, con sede en Irwindale, California.","og_url":"https:\/\/tempdev.bestovernite.com\/es\/quienes-somos\/","og_site_name":"Best Overnite Express","article_publisher":"https:\/\/www.facebook.com\/btvpltl","article_modified_time":"2024-01-11T14:33:15+00:00","og_image":[{"url":"https:\/\/tempdev.bestovernite.com\/wp-content\/uploads\/2022\/10\/about-us-inspecting-boxes1.jpg"}],"twitter_card":"summary_large_image","twitter_misc":{"Tiempo de lectura":"1 minuto"},"schema":{"@context":"https:\/\/schema.org","@graph":[{"@type":"WebPage","@id":"https:\/\/tempdev.bestovernite.com\/es\/quienes-somos\/","url":"https:\/\/tempdev.bestovernite.com\/es\/quienes-somos\/","name":"Qui\u00e9nes somos - Best Overnite Express","isPartOf":{"@id":"https:\/\/tempdev.bestovernite.com\/es\/#website"},"primaryImageOfPage":{"@id":"https:\/\/tempdev.bestovernite.com\/es\/quienes-somos\/#primaryimage"},"image":{"@id":"https:\/\/tempdev.bestovernite.com\/es\/quienes-somos\/#primaryimage"},"thumbnailUrl":"https:\/\/tempdev.bestovernite.com\/wp-content\/uploads\/2022\/10\/about-us-inspecting-boxes1.jpg","datePublished":"2022-06-22T16:07:13+00:00","dateModified":"2024-01-11T14:33:15+00:00","description":"Best Overnite es un proveedor de servicios de carga parcial (LTL) de primera generaci\u00f3n, de capital privado y basado en activos, con sede en Irwindale, California.","breadcrumb":{"@id":"https:\/\/tempdev.bestovernite.com\/es\/quienes-somos\/#breadcrumb"},"inLanguage":"es","potentialAction":[{"@type":"ReadAction","target":["https:\/\/tempdev.bestovernite.com\/es\/quienes-somos\/"]}]},{"@type":"ImageObject","inLanguage":"es","@id":"https:\/\/tempdev.bestovernite.com\/es\/quienes-somos\/#primaryimage","url":"https:\/\/tempdev.bestovernite.com\/wp-content\/uploads\/2022\/10\/about-us-inspecting-boxes1.jpg","contentUrl":"https:\/\/tempdev.bestovernite.com\/wp-content\/uploads\/2022\/10\/about-us-inspecting-boxes1.jpg"},{"@type":"BreadcrumbList","@id":"https:\/\/tempdev.bestovernite.com\/es\/quienes-somos\/#breadcrumb","itemListElement":[{"@type":"ListItem","position":1,"name":"Casa","item":"https:\/\/tempdev.bestovernite.com\/es\/casa\/"},{"@type":"ListItem","position":2,"name":"Qui\u00e9nes somos"}]},{"@type":"WebSite","@id":"https:\/\/tempdev.bestovernite.com\/es\/#website","url":"https:\/\/tempdev.bestovernite.com\/es\/","name":"Best Overnite Express","description":"Su transportista LTL","publisher":{"@id":"https:\/\/tempdev.bestovernite.com\/es\/#organization"},"potentialAction":[{"@type":"SearchAction","target":{"@type":"EntryPoint","urlTemplate":"https:\/\/tempdev.bestovernite.com\/es\/?s={search_term_string}"},"query-input":"required name=search_term_string"}],"inLanguage":"es"},{"@type":"Organization","@id":"https:\/\/tempdev.bestovernite.com\/es\/#organization","name":"Best Overnite Express","url":"https:\/\/tempdev.bestovernite.com\/es\/","logo":{"@type":"ImageObject","inLanguage":"es","@id":"https:\/\/tempdev.bestovernite.com\/es\/#\/schema\/logo\/image\/","url":"https:\/\/tempdev.bestovernite.com\/wp-content\/uploads\/2022\/06\/logo.png","contentUrl":"https:\/\/tempdev.bestovernite.com\/wp-content\/uploads\/2022\/06\/logo.png","width":294,"height":109,"caption":"Best Overnite Express"},"image":{"@id":"https:\/\/tempdev.bestovernite.com\/es\/#\/schema\/logo\/image\/"},"sameAs":["https:\/\/www.facebook.com\/btvpltl","http:\/\/www.linkedin.com\/company\/best-overnite-express-inc-","https:\/\/www.youtube.com\/user\/micahapple714"]}]}},"_links":{"self":[{"href":"https:\/\/tempdev.bestovernite.com\/es\/wp-json\/wp\/v2\/pages\/2359","targetHints":{"allow":["GET"]}}],"collection":[{"href":"https:\/\/tempdev.bestovernite.com\/es\/wp-json\/wp\/v2\/pages"}],"about":[{"href":"https:\/\/tempdev.bestovernite.com\/es\/wp-json\/wp\/v2\/types\/page"}],"author":[{"embeddable":true,"href":"https:\/\/tempdev.bestovernite.com\/es\/wp-json\/wp\/v2\/users\/1"}],"replies":[{"embeddable":true,"href":"https:\/\/tempdev.bestovernite.com\/es\/wp-json\/wp\/v2\/comments?post=2359"}],"version-history":[{"count":5,"href":"https:\/\/tempdev.bestovernite.com\/es\/wp-json\/wp\/v2\/pages\/2359\/revisions"}],"predecessor-version":[{"id":3060,"href":"https:\/\/tempdev.bestovernite.com\/es\/wp-json\/wp\/v2\/pages\/2359\/revisions\/3060"}],"wp:attachment":[{"href":"https:\/\/tempdev.bestovernite.com\/es\/wp-json\/wp\/v2\/media?parent=2359"}],"curies":[{"name":"wp","href":"https:\/\/api.w.org\/{rel}","templated":true}]}}