{"id":2396,"date":"2022-06-21T22:47:29","date_gmt":"2022-06-22T05:47:29","guid":{"rendered":"https:\/\/tempdev.bestovernite.com\/politica-de-privacidad\/"},"modified":"2023-05-11T13:18:53","modified_gmt":"2023-05-11T20:18:53","slug":"politica-de-privacidad","status":"publish","type":"page","link":"https:\/\/tempdev.bestovernite.com\/es\/politica-de-privacidad\/","title":{"rendered":"Pol\u00edtica de privacidad"},"content":{"rendered":"\t\t<div data-elementor-type=\"wp-page\" data-elementor-id=\"2396\" class=\"elementor elementor-2396 elementor-3\">\n\t\t\t\t\t\t\t\t\t<section class=\"elementor-section elementor-top-section elementor-element elementor-element-56c0a8c6 elementor-section-boxed elementor-section-height-default elementor-section-height-default\" data-id=\"56c0a8c6\" data-element_type=\"section\">\n\t\t\t\t\t\t\t<div class=\"elementor-background-overlay\"><\/div>\n\t\t\t\t\t\t\t<div class=\"elementor-container elementor-column-gap-default\">\n\t\t\t\t\t<div class=\"elementor-column elementor-col-100 elementor-top-column elementor-element elementor-element-69bac7ad\" data-id=\"69bac7ad\" data-element_type=\"column\">\n\t\t\t<div class=\"elementor-widget-wrap elementor-element-populated\">\n\t\t\t\t\t\t\t\t<div class=\"elementor-element elementor-element-6c67a690 elementor-widget elementor-widget-spacer\" data-id=\"6c67a690\" data-element_type=\"widget\" data-widget_type=\"spacer.default\">\n\t\t\t\t<div class=\"elementor-widget-container\">\n\t\t\t<style>\/*! elementor - v3.18.0 - 20-12-2023 *\/\n.elementor-column .elementor-spacer-inner{height:var(--spacer-size)}.e-con{--container-widget-width:100%}.e-con-inner>.elementor-widget-spacer,.e-con>.elementor-widget-spacer{width:var(--container-widget-width,var(--spacer-size));--align-self:var(--container-widget-align-self,initial);--flex-shrink:0}.e-con-inner>.elementor-widget-spacer>.elementor-widget-container,.e-con>.elementor-widget-spacer>.elementor-widget-container{height:100%;width:100%}.e-con-inner>.elementor-widget-spacer>.elementor-widget-container>.elementor-spacer,.e-con>.elementor-widget-spacer>.elementor-widget-container>.elementor-spacer{height:100%}.e-con-inner>.elementor-widget-spacer>.elementor-widget-container>.elementor-spacer>.elementor-spacer-inner,.e-con>.elementor-widget-spacer>.elementor-widget-container>.elementor-spacer>.elementor-spacer-inner{height:var(--container-widget-height,var(--spacer-size))}.e-con-inner>.elementor-widget-spacer.elementor-widget-empty,.e-con>.elementor-widget-spacer.elementor-widget-empty{position:relative;min-height:22px;min-width:22px}.e-con-inner>.elementor-widget-spacer.elementor-widget-empty .elementor-widget-empty-icon,.e-con>.elementor-widget-spacer.elementor-widget-empty .elementor-widget-empty-icon{position:absolute;top:0;bottom:0;left:0;right:0;margin:auto;padding:0;width:22px;height:22px}<\/style>\t\t<div class=\"elementor-spacer\">\n\t\t\t<div class=\"elementor-spacer-inner\"><\/div>\n\t\t<\/div>\n\t\t\t\t<\/div>\n\t\t\t\t<\/div>\n\t\t\t\t\t<\/div>\n\t\t<\/div>\n\t\t\t\t\t\t\t<\/div>\n\t\t<\/section>\n\t\t\t\t<section class=\"elementor-section elementor-top-section elementor-element elementor-element-54067d6 elementor-section-boxed elementor-section-height-default elementor-section-height-default\" data-id=\"54067d6\" data-element_type=\"section\">\n\t\t\t\t\t\t<div class=\"elementor-container elementor-column-gap-default\">\n\t\t\t\t\t<div class=\"elementor-column elementor-col-100 elementor-top-column elementor-element elementor-element-39cc0dd\" data-id=\"39cc0dd\" data-element_type=\"column\">\n\t\t\t<div class=\"elementor-widget-wrap elementor-element-populated\">\n\t\t\t\t\t\t\t\t<div class=\"elementor-element elementor-element-315a7743 elementor-widget elementor-widget-heading\" data-id=\"315a7743\" data-element_type=\"widget\" data-widget_type=\"heading.default\">\n\t\t\t\t<div class=\"elementor-widget-container\">\n\t\t\t<style>\/*! elementor - v3.18.0 - 20-12-2023 *\/\n.elementor-heading-title{padding:0;margin:0;line-height:1}.elementor-widget-heading .elementor-heading-title[class*=elementor-size-]>a{color:inherit;font-size:inherit;line-height:inherit}.elementor-widget-heading .elementor-heading-title.elementor-size-small{font-size:15px}.elementor-widget-heading .elementor-heading-title.elementor-size-medium{font-size:19px}.elementor-widget-heading .elementor-heading-title.elementor-size-large{font-size:29px}.elementor-widget-heading .elementor-heading-title.elementor-size-xl{font-size:39px}.elementor-widget-heading .elementor-heading-title.elementor-size-xxl{font-size:59px}<\/style><h1 class=\"elementor-heading-title elementor-size-default\">Pol\u00edtica de privacidad<\/h1>\t\t<\/div>\n\t\t\t\t<\/div>\n\t\t\t\t\t<\/div>\n\t\t<\/div>\n\t\t\t\t\t\t\t<\/div>\n\t\t<\/section>\n\t\t\t\t<section class=\"elementor-section elementor-top-section elementor-element elementor-element-144ea39c elementor-section-content-top elementor-section-boxed elementor-section-height-default elementor-section-height-default\" data-id=\"144ea39c\" data-element_type=\"section\">\n\t\t\t\t\t\t<div class=\"elementor-container elementor-column-gap-default\">\n\t\t\t\t\t<div class=\"elementor-column elementor-col-100 elementor-top-column elementor-element elementor-element-15c73bc\" data-id=\"15c73bc\" data-element_type=\"column\">\n\t\t\t<div class=\"elementor-widget-wrap elementor-element-populated\">\n\t\t\t\t\t\t\t\t<div class=\"elementor-element elementor-element-b448044 elementor-widget elementor-widget-text-editor\" data-id=\"b448044\" data-element_type=\"widget\" data-widget_type=\"text-editor.default\">\n\t\t\t\t<div class=\"elementor-widget-container\">\n\t\t\t<style>\/*! elementor - v3.18.0 - 20-12-2023 *\/\n.elementor-widget-text-editor.elementor-drop-cap-view-stacked .elementor-drop-cap{background-color:#69727d;color:#fff}.elementor-widget-text-editor.elementor-drop-cap-view-framed .elementor-drop-cap{color:#69727d;border:3px solid;background-color:transparent}.elementor-widget-text-editor:not(.elementor-drop-cap-view-default) .elementor-drop-cap{margin-top:8px}.elementor-widget-text-editor:not(.elementor-drop-cap-view-default) .elementor-drop-cap-letter{width:1em;height:1em}.elementor-widget-text-editor .elementor-drop-cap{float:left;text-align:center;line-height:1;font-size:50px}.elementor-widget-text-editor .elementor-drop-cap-letter{display:inline-block}<\/style>\t\t\t\t<p>Best Overnite Express se compromete a proteger la privacidad de nuestros clientes. Toda la informaci\u00f3n facilitada por nuestro cliente se trata con confidencialidad. No vendemos, alquilamos ni transmitimos informaci\u00f3n a otras organizaciones ni a terceros, salvo cuando lo exige la ley.<\/p>\n<p>La informaci\u00f3n sobre cada env\u00edo que pasa por nuestro sistema se recopila y almacena para que podamos ofrecer una entrega de paquetes eficiente, tal y como exigen nuestros clientes. Recopilamos los n\u00fameros de tel\u00e9fono y las direcciones de correo electr\u00f3nico en caso de que necesitemos ponernos en contacto con el remitente o el destinatario del env\u00edo, para resolver una duda o proporcionar informaci\u00f3n sobre el estado del env\u00edo. Algunas aplicaciones est\u00e1n protegidas por contrase\u00f1a y requieren inscripci\u00f3n previa. Estas aplicaciones incluyen, entre otras cosas, el seguimiento de env\u00edos y la informaci\u00f3n de facturaci\u00f3n.<\/p>\n<p>El uso continuado de nuestro sitio implica la aceptaci\u00f3n de la Pol\u00edtica de Privacidad de Best Overnite Express. Nos reservamos el derecho, a nuestra discreci\u00f3n, de modificar, a\u00f1adir o eliminar partes de esta pol\u00edtica en cualquier momento.<\/p>\n<p>Para cuestiones relacionadas con la privacidad, p\u00f3ngase en contacto con nosotros en el (625) 256-0550 o por correo postal en PO Box 90816, City of Industry, CA 91715.<\/p>\t\t\t\t\t\t<\/div>\n\t\t\t\t<\/div>\n\t\t\t\t\t<\/div>\n\t\t<\/div>\n\t\t\t\t\t\t\t<\/div>\n\t\t<\/section>\n\t\t\t\t<section class=\"elementor-section elementor-top-section elementor-element elementor-element-1bfb669e elementor-section-boxed elementor-section-height-default elementor-section-height-default\" data-id=\"1bfb669e\" data-element_type=\"section\">\n\t\t\t\t\t\t<div class=\"elementor-container elementor-column-gap-default\">\n\t\t\t\t\t<div class=\"elementor-column elementor-col-100 elementor-top-column elementor-element elementor-element-2b3fdcf9\" data-id=\"2b3fdcf9\" data-element_type=\"column\">\n\t\t\t<div class=\"elementor-widget-wrap elementor-element-populated\">\n\t\t\t\t\t\t\t\t<div class=\"elementor-element elementor-element-11ed636 elementor-widget elementor-widget-spacer\" data-id=\"11ed636\" data-element_type=\"widget\" data-widget_type=\"spacer.default\">\n\t\t\t\t<div class=\"elementor-widget-container\">\n\t\t\t\t\t<div class=\"elementor-spacer\">\n\t\t\t<div class=\"elementor-spacer-inner\"><\/div>\n\t\t<\/div>\n\t\t\t\t<\/div>\n\t\t\t\t<\/div>\n\t\t\t\t\t<\/div>\n\t\t<\/div>\n\t\t\t\t\t\t\t<\/div>\n\t\t<\/section>\n\t\t\t\t\t\t\t<\/div>\n\t\t","protected":false},"excerpt":{"rendered":"<p>Pol\u00edtica de privacidad Best Overnite Express se compromete a proteger la privacidad de nuestros clientes. Toda la informaci\u00f3n facilitada por nuestro cliente se trata con confidencialidad. No vendemos, alquilamos ni transmitimos informaci\u00f3n a otras organizaciones ni a terceros, salvo cuando lo exige la ley. La informaci\u00f3n sobre cada env\u00edo que pasa por nuestro sistema se [&hellip;]<\/p>\n","protected":false},"author":1,"featured_media":0,"parent":0,"menu_order":0,"comment_status":"closed","ping_status":"closed","template":"elementor_header_footer","meta":{"footnotes":""},"class_list":["post-2396","page","type-page","status-publish","hentry"],"yoast_head":"<!-- This site is optimized with the Yoast SEO plugin v22.6 - https:\/\/yoast.com\/wordpress\/plugins\/seo\/ -->\n<title>Pol\u00edtica de privacidad - Best Overnite Express<\/title>\n<meta name=\"description\" content=\"Best Overnite Express valora su privacidad. No compartimos su informaci\u00f3n con terceros, salvo cuando lo exige la ley. P\u00f3ngase en contacto con nosotros si tiene alguna pregunta.\" \/>\n<meta name=\"robots\" content=\"index, follow, max-snippet:-1, max-image-preview:large, max-video-preview:-1\" \/>\n<link rel=\"canonical\" href=\"https:\/\/tempdev.bestovernite.com\/es\/politica-de-privacidad\/\" \/>\n<meta property=\"og:locale\" content=\"es_ES\" \/>\n<meta property=\"og:type\" content=\"article\" \/>\n<meta property=\"og:title\" content=\"Pol\u00edtica de privacidad - Best Overnite Express\" \/>\n<meta property=\"og:description\" content=\"Best Overnite Express valora su privacidad. No compartimos su informaci\u00f3n con terceros, salvo cuando lo exige la ley. P\u00f3ngase en contacto con nosotros si tiene alguna pregunta.\" \/>\n<meta property=\"og:url\" content=\"https:\/\/tempdev.bestovernite.com\/es\/politica-de-privacidad\/\" \/>\n<meta property=\"og:site_name\" content=\"Best Overnite Express\" \/>\n<meta property=\"article:publisher\" content=\"https:\/\/www.facebook.com\/btvpltl\" \/>\n<meta property=\"article:modified_time\" content=\"2023-05-11T20:18:53+00:00\" \/>\n<meta name=\"twitter:card\" content=\"summary_large_image\" \/>\n<meta name=\"twitter:label1\" content=\"Tiempo de lectura\" \/>\n\t<meta name=\"twitter:data1\" content=\"1 minuto\" \/>\n<script type=\"application\/ld+json\" class=\"yoast-schema-graph\">{\"@context\":\"https:\/\/schema.org\",\"@graph\":[{\"@type\":\"WebPage\",\"@id\":\"https:\/\/tempdev.bestovernite.com\/es\/politica-de-privacidad\/\",\"url\":\"https:\/\/tempdev.bestovernite.com\/es\/politica-de-privacidad\/\",\"name\":\"Pol\u00edtica de privacidad - Best Overnite Express\",\"isPartOf\":{\"@id\":\"https:\/\/tempdev.bestovernite.com\/es\/#website\"},\"datePublished\":\"2022-06-22T05:47:29+00:00\",\"dateModified\":\"2023-05-11T20:18:53+00:00\",\"description\":\"Best Overnite Express valora su privacidad. No compartimos su informaci\u00f3n con terceros, salvo cuando lo exige la ley. P\u00f3ngase en contacto con nosotros si tiene alguna pregunta.\",\"breadcrumb\":{\"@id\":\"https:\/\/tempdev.bestovernite.com\/es\/politica-de-privacidad\/#breadcrumb\"},\"inLanguage\":\"es\",\"potentialAction\":[{\"@type\":\"ReadAction\",\"target\":[\"https:\/\/tempdev.bestovernite.com\/es\/politica-de-privacidad\/\"]}]},{\"@type\":\"BreadcrumbList\",\"@id\":\"https:\/\/tempdev.bestovernite.com\/es\/politica-de-privacidad\/#breadcrumb\",\"itemListElement\":[{\"@type\":\"ListItem\",\"position\":1,\"name\":\"Casa\",\"item\":\"https:\/\/tempdev.bestovernite.com\/es\/casa\/\"},{\"@type\":\"ListItem\",\"position\":2,\"name\":\"Pol\u00edtica de privacidad\"}]},{\"@type\":\"WebSite\",\"@id\":\"https:\/\/tempdev.bestovernite.com\/es\/#website\",\"url\":\"https:\/\/tempdev.bestovernite.com\/es\/\",\"name\":\"Best Overnite Express\",\"description\":\"Su transportista LTL\",\"publisher\":{\"@id\":\"https:\/\/tempdev.bestovernite.com\/es\/#organization\"},\"potentialAction\":[{\"@type\":\"SearchAction\",\"target\":{\"@type\":\"EntryPoint\",\"urlTemplate\":\"https:\/\/tempdev.bestovernite.com\/es\/?s={search_term_string}\"},\"query-input\":\"required name=search_term_string\"}],\"inLanguage\":\"es\"},{\"@type\":\"Organization\",\"@id\":\"https:\/\/tempdev.bestovernite.com\/es\/#organization\",\"name\":\"Best Overnite Express\",\"url\":\"https:\/\/tempdev.bestovernite.com\/es\/\",\"logo\":{\"@type\":\"ImageObject\",\"inLanguage\":\"es\",\"@id\":\"https:\/\/tempdev.bestovernite.com\/es\/#\/schema\/logo\/image\/\",\"url\":\"https:\/\/tempdev.bestovernite.com\/wp-content\/uploads\/2022\/06\/logo.png\",\"contentUrl\":\"https:\/\/tempdev.bestovernite.com\/wp-content\/uploads\/2022\/06\/logo.png\",\"width\":294,\"height\":109,\"caption\":\"Best Overnite Express\"},\"image\":{\"@id\":\"https:\/\/tempdev.bestovernite.com\/es\/#\/schema\/logo\/image\/\"},\"sameAs\":[\"https:\/\/www.facebook.com\/btvpltl\",\"http:\/\/www.linkedin.com\/company\/best-overnite-express-inc-\",\"https:\/\/www.youtube.com\/user\/micahapple714\"]}]}<\/script>\n<!-- \/ Yoast SEO plugin. -->","yoast_head_json":{"title":"Pol\u00edtica de privacidad - Best Overnite Express","description":"Best Overnite Express valora su privacidad. No compartimos su informaci\u00f3n con terceros, salvo cuando lo exige la ley. P\u00f3ngase en contacto con nosotros si tiene alguna pregunta.","robots":{"index":"index","follow":"follow","max-snippet":"max-snippet:-1","max-image-preview":"max-image-preview:large","max-video-preview":"max-video-preview:-1"},"canonical":"https:\/\/tempdev.bestovernite.com\/es\/politica-de-privacidad\/","og_locale":"es_ES","og_type":"article","og_title":"Pol\u00edtica de privacidad - Best Overnite Express","og_description":"Best Overnite Express valora su privacidad. No compartimos su informaci\u00f3n con terceros, salvo cuando lo exige la ley. P\u00f3ngase en contacto con nosotros si tiene alguna pregunta.","og_url":"https:\/\/tempdev.bestovernite.com\/es\/politica-de-privacidad\/","og_site_name":"Best Overnite Express","article_publisher":"https:\/\/www.facebook.com\/btvpltl","article_modified_time":"2023-05-11T20:18:53+00:00","twitter_card":"summary_large_image","twitter_misc":{"Tiempo de lectura":"1 minuto"},"schema":{"@context":"https:\/\/schema.org","@graph":[{"@type":"WebPage","@id":"https:\/\/tempdev.bestovernite.com\/es\/politica-de-privacidad\/","url":"https:\/\/tempdev.bestovernite.com\/es\/politica-de-privacidad\/","name":"Pol\u00edtica de privacidad - Best Overnite Express","isPartOf":{"@id":"https:\/\/tempdev.bestovernite.com\/es\/#website"},"datePublished":"2022-06-22T05:47:29+00:00","dateModified":"2023-05-11T20:18:53+00:00","description":"Best Overnite Express valora su privacidad. No compartimos su informaci\u00f3n con terceros, salvo cuando lo exige la ley. P\u00f3ngase en contacto con nosotros si tiene alguna pregunta.","breadcrumb":{"@id":"https:\/\/tempdev.bestovernite.com\/es\/politica-de-privacidad\/#breadcrumb"},"inLanguage":"es","potentialAction":[{"@type":"ReadAction","target":["https:\/\/tempdev.bestovernite.com\/es\/politica-de-privacidad\/"]}]},{"@type":"BreadcrumbList","@id":"https:\/\/tempdev.bestovernite.com\/es\/politica-de-privacidad\/#breadcrumb","itemListElement":[{"@type":"ListItem","position":1,"name":"Casa","item":"https:\/\/tempdev.bestovernite.com\/es\/casa\/"},{"@type":"ListItem","position":2,"name":"Pol\u00edtica de privacidad"}]},{"@type":"WebSite","@id":"https:\/\/tempdev.bestovernite.com\/es\/#website","url":"https:\/\/tempdev.bestovernite.com\/es\/","name":"Best Overnite Express","description":"Su transportista LTL","publisher":{"@id":"https:\/\/tempdev.bestovernite.com\/es\/#organization"},"potentialAction":[{"@type":"SearchAction","target":{"@type":"EntryPoint","urlTemplate":"https:\/\/tempdev.bestovernite.com\/es\/?s={search_term_string}"},"query-input":"required name=search_term_string"}],"inLanguage":"es"},{"@type":"Organization","@id":"https:\/\/tempdev.bestovernite.com\/es\/#organization","name":"Best Overnite Express","url":"https:\/\/tempdev.bestovernite.com\/es\/","logo":{"@type":"ImageObject","inLanguage":"es","@id":"https:\/\/tempdev.bestovernite.com\/es\/#\/schema\/logo\/image\/","url":"https:\/\/tempdev.bestovernite.com\/wp-content\/uploads\/2022\/06\/logo.png","contentUrl":"https:\/\/tempdev.bestovernite.com\/wp-content\/uploads\/2022\/06\/logo.png","width":294,"height":109,"caption":"Best Overnite Express"},"image":{"@id":"https:\/\/tempdev.bestovernite.com\/es\/#\/schema\/logo\/image\/"},"sameAs":["https:\/\/www.facebook.com\/btvpltl","http:\/\/www.linkedin.com\/company\/best-overnite-express-inc-","https:\/\/www.youtube.com\/user\/micahapple714"]}]}},"_links":{"self":[{"href":"https:\/\/tempdev.bestovernite.com\/es\/wp-json\/wp\/v2\/pages\/2396","targetHints":{"allow":["GET"]}}],"collection":[{"href":"https:\/\/tempdev.bestovernite.com\/es\/wp-json\/wp\/v2\/pages"}],"about":[{"href":"https:\/\/tempdev.bestovernite.com\/es\/wp-json\/wp\/v2\/types\/page"}],"author":[{"embeddable":true,"href":"https:\/\/tempdev.bestovernite.com\/es\/wp-json\/wp\/v2\/users\/1"}],"replies":[{"embeddable":true,"href":"https:\/\/tempdev.bestovernite.com\/es\/wp-json\/wp\/v2\/comments?post=2396"}],"version-history":[{"count":1,"href":"https:\/\/tempdev.bestovernite.com\/es\/wp-json\/wp\/v2\/pages\/2396\/revisions"}],"predecessor-version":[{"id":2397,"href":"https:\/\/tempdev.bestovernite.com\/es\/wp-json\/wp\/v2\/pages\/2396\/revisions\/2397"}],"wp:attachment":[{"href":"https:\/\/tempdev.bestovernite.com\/es\/wp-json\/wp\/v2\/media?parent=2396"}],"curies":[{"name":"wp","href":"https:\/\/api.w.org\/{rel}","templated":true}]}}