{"id":2402,"date":"2022-09-13T11:40:00","date_gmt":"2022-09-13T18:40:00","guid":{"rendered":"https:\/\/tempdev.bestovernite.com\/servicios\/entrega-dedicada-desatendida\/"},"modified":"2023-05-15T09:03:37","modified_gmt":"2023-05-15T16:03:37","slug":"entrega-dedicada-desatendida","status":"publish","type":"page","link":"https:\/\/tempdev.bestovernite.com\/es\/servicios\/entrega-dedicada-desatendida\/","title":{"rendered":"Entrega dedicada\/desatendida"},"content":{"rendered":"\t\t<div data-elementor-type=\"wp-page\" data-elementor-id=\"2402\" class=\"elementor elementor-2402 elementor-835\">\n\t\t\t\t\t\t\t\t\t<section class=\"elementor-section elementor-top-section elementor-element elementor-element-3cf7d4ec elementor-section-boxed elementor-section-height-default elementor-section-height-default\" data-id=\"3cf7d4ec\" data-element_type=\"section\">\n\t\t\t\t\t\t\t<div class=\"elementor-background-overlay\"><\/div>\n\t\t\t\t\t\t\t<div class=\"elementor-container elementor-column-gap-default\">\n\t\t\t\t\t<div class=\"elementor-column elementor-col-100 elementor-top-column elementor-element elementor-element-6b1ea9b5\" data-id=\"6b1ea9b5\" data-element_type=\"column\">\n\t\t\t<div class=\"elementor-widget-wrap elementor-element-populated\">\n\t\t\t\t\t\t\t\t<div class=\"elementor-element elementor-element-4a575fe elementor-widget elementor-widget-spacer\" data-id=\"4a575fe\" data-element_type=\"widget\" data-widget_type=\"spacer.default\">\n\t\t\t\t<div class=\"elementor-widget-container\">\n\t\t\t<style>\/*! elementor - v3.18.0 - 20-12-2023 *\/\n.elementor-column .elementor-spacer-inner{height:var(--spacer-size)}.e-con{--container-widget-width:100%}.e-con-inner>.elementor-widget-spacer,.e-con>.elementor-widget-spacer{width:var(--container-widget-width,var(--spacer-size));--align-self:var(--container-widget-align-self,initial);--flex-shrink:0}.e-con-inner>.elementor-widget-spacer>.elementor-widget-container,.e-con>.elementor-widget-spacer>.elementor-widget-container{height:100%;width:100%}.e-con-inner>.elementor-widget-spacer>.elementor-widget-container>.elementor-spacer,.e-con>.elementor-widget-spacer>.elementor-widget-container>.elementor-spacer{height:100%}.e-con-inner>.elementor-widget-spacer>.elementor-widget-container>.elementor-spacer>.elementor-spacer-inner,.e-con>.elementor-widget-spacer>.elementor-widget-container>.elementor-spacer>.elementor-spacer-inner{height:var(--container-widget-height,var(--spacer-size))}.e-con-inner>.elementor-widget-spacer.elementor-widget-empty,.e-con>.elementor-widget-spacer.elementor-widget-empty{position:relative;min-height:22px;min-width:22px}.e-con-inner>.elementor-widget-spacer.elementor-widget-empty .elementor-widget-empty-icon,.e-con>.elementor-widget-spacer.elementor-widget-empty .elementor-widget-empty-icon{position:absolute;top:0;bottom:0;left:0;right:0;margin:auto;padding:0;width:22px;height:22px}<\/style>\t\t<div class=\"elementor-spacer\">\n\t\t\t<div class=\"elementor-spacer-inner\"><\/div>\n\t\t<\/div>\n\t\t\t\t<\/div>\n\t\t\t\t<\/div>\n\t\t\t\t\t<\/div>\n\t\t<\/div>\n\t\t\t\t\t\t\t<\/div>\n\t\t<\/section>\n\t\t\t\t<section class=\"elementor-section elementor-top-section elementor-element elementor-element-76b16404 elementor-section-boxed elementor-section-height-default elementor-section-height-default\" data-id=\"76b16404\" data-element_type=\"section\" data-settings=\"{&quot;background_background&quot;:&quot;classic&quot;}\">\n\t\t\t\t\t\t<div class=\"elementor-container elementor-column-gap-default\">\n\t\t\t\t\t<div class=\"elementor-column elementor-col-50 elementor-top-column elementor-element elementor-element-22f3f827\" data-id=\"22f3f827\" data-element_type=\"column\">\n\t\t\t<div class=\"elementor-widget-wrap elementor-element-populated\">\n\t\t\t\t\t\t\t\t<div class=\"elementor-element elementor-element-4d5cb2bf elementor-widget elementor-widget-image\" data-id=\"4d5cb2bf\" data-element_type=\"widget\" data-widget_type=\"image.default\">\n\t\t\t\t<div class=\"elementor-widget-container\">\n\t\t\t<style>\/*! elementor - v3.18.0 - 20-12-2023 *\/\n.elementor-widget-image{text-align:center}.elementor-widget-image a{display:inline-block}.elementor-widget-image a img[src$=\".svg\"]{width:48px}.elementor-widget-image img{vertical-align:middle;display:inline-block}<\/style>\t\t\t\t\t\t\t\t\t\t\t\t<img fetchpriority=\"high\" decoding=\"async\" width=\"571\" height=\"369\" src=\"https:\/\/tempdev.bestovernite.com\/wp-content\/uploads\/2022\/10\/dedicated-unattended-delivery-service-image.jpg\" class=\"attachment-full size-full wp-image-1133\" alt=\"Dedicated\/Unattended Delivery\" srcset=\"https:\/\/tempdev.bestovernite.com\/wp-content\/uploads\/2022\/10\/dedicated-unattended-delivery-service-image.jpg 571w, https:\/\/tempdev.bestovernite.com\/wp-content\/uploads\/2022\/10\/dedicated-unattended-delivery-service-image-300x194.jpg 300w\" sizes=\"(max-width: 571px) 100vw, 571px\" \/>\t\t\t\t\t\t\t\t\t\t\t\t\t\t\t<\/div>\n\t\t\t\t<\/div>\n\t\t\t\t\t<\/div>\n\t\t<\/div>\n\t\t\t\t<div class=\"elementor-column elementor-col-50 elementor-top-column elementor-element elementor-element-1b988dfe\" data-id=\"1b988dfe\" data-element_type=\"column\">\n\t\t\t<div class=\"elementor-widget-wrap elementor-element-populated\">\n\t\t\t\t\t\t\t\t<section class=\"elementor-section elementor-inner-section elementor-element elementor-element-66bf810c elementor-section-boxed elementor-section-height-default elementor-section-height-default\" data-id=\"66bf810c\" data-element_type=\"section\">\n\t\t\t\t\t\t<div class=\"elementor-container elementor-column-gap-default\">\n\t\t\t\t\t<div class=\"elementor-column elementor-col-100 elementor-inner-column elementor-element elementor-element-4dc02cf8\" data-id=\"4dc02cf8\" data-element_type=\"column\">\n\t\t\t<div class=\"elementor-widget-wrap elementor-element-populated\">\n\t\t\t\t\t\t\t\t<div class=\"elementor-element elementor-element-24204229 elementor-widget elementor-widget-heading\" data-id=\"24204229\" data-element_type=\"widget\" data-widget_type=\"heading.default\">\n\t\t\t\t<div class=\"elementor-widget-container\">\n\t\t\t<style>\/*! elementor - v3.18.0 - 20-12-2023 *\/\n.elementor-heading-title{padding:0;margin:0;line-height:1}.elementor-widget-heading .elementor-heading-title[class*=elementor-size-]>a{color:inherit;font-size:inherit;line-height:inherit}.elementor-widget-heading .elementor-heading-title.elementor-size-small{font-size:15px}.elementor-widget-heading .elementor-heading-title.elementor-size-medium{font-size:19px}.elementor-widget-heading .elementor-heading-title.elementor-size-large{font-size:29px}.elementor-widget-heading .elementor-heading-title.elementor-size-xl{font-size:39px}.elementor-widget-heading .elementor-heading-title.elementor-size-xxl{font-size:59px}<\/style><h1 class=\"elementor-heading-title elementor-size-default\">Entrega dedicada\/desatendida<\/h1>\t\t<\/div>\n\t\t\t\t<\/div>\n\t\t\t\t\t<\/div>\n\t\t<\/div>\n\t\t\t\t\t\t\t<\/div>\n\t\t<\/section>\n\t\t\t\t<section class=\"elementor-section elementor-inner-section elementor-element elementor-element-50984d2d elementor-section-boxed elementor-section-height-default elementor-section-height-default\" data-id=\"50984d2d\" data-element_type=\"section\">\n\t\t\t\t\t\t<div class=\"elementor-container elementor-column-gap-default\">\n\t\t\t\t\t<div class=\"elementor-column elementor-col-100 elementor-inner-column elementor-element elementor-element-644185a4\" data-id=\"644185a4\" data-element_type=\"column\" data-settings=\"{&quot;background_background&quot;:&quot;classic&quot;}\">\n\t\t\t<div class=\"elementor-widget-wrap elementor-element-populated\">\n\t\t\t\t\t\t\t\t<div class=\"elementor-element elementor-element-287180f0 elementor-widget elementor-widget-text-editor\" data-id=\"287180f0\" data-element_type=\"widget\" data-widget_type=\"text-editor.default\">\n\t\t\t\t<div class=\"elementor-widget-container\">\n\t\t\t<style>\/*! elementor - v3.18.0 - 20-12-2023 *\/\n.elementor-widget-text-editor.elementor-drop-cap-view-stacked .elementor-drop-cap{background-color:#69727d;color:#fff}.elementor-widget-text-editor.elementor-drop-cap-view-framed .elementor-drop-cap{color:#69727d;border:3px solid;background-color:transparent}.elementor-widget-text-editor:not(.elementor-drop-cap-view-default) .elementor-drop-cap{margin-top:8px}.elementor-widget-text-editor:not(.elementor-drop-cap-view-default) .elementor-drop-cap-letter{width:1em;height:1em}.elementor-widget-text-editor .elementor-drop-cap{float:left;text-align:center;line-height:1;font-size:50px}.elementor-widget-text-editor .elementor-drop-cap-letter{display:inline-block}<\/style>\t\t\t\t<p>Ciertas industrias requieren soluciones LTL altamente personalizadas y dedicadas, una diferencia de unas pocas horas puede determinar el resultado de una venta o ser la causa de interrupciones no deseadas en la cadena de suministro. Para maximizar las ventas y la captaci\u00f3n de mercado, los transportistas desean ampliar las horas de cumplimiento de pedidos a nivel de proveedor o de centro de distribuci\u00f3n y retrasar al m\u00e1ximo los plazos de preparaci\u00f3n de los env\u00edos para el transporte LTL sin sacrificar el tr\u00e1nsito. Los servicios de entrega desatendida ofrecen el lujo de tener el producto esperando en el almac\u00e9n antes de que empiecen los turnos del d\u00eda; y pueden ahorrar un tiempo valioso a la hora de hacer llegar el producto al cliente final. Asociarse con un proveedor de confianza y experimentado para crear su soluci\u00f3n de entrega dedicada\/desatendida puede ser una plataforma de lanzamiento para ventas y flujos de ingresos no realizados.<\/p>\n\t\t\t\t\t\t<\/div>\n\t\t\t\t<\/div>\n\t\t\t\t\t<\/div>\n\t\t<\/div>\n\t\t\t\t\t\t\t<\/div>\n\t\t<\/section>\n\t\t\t\t\t<\/div>\n\t\t<\/div>\n\t\t\t\t\t\t\t<\/div>\n\t\t<\/section>\n\t\t\t\t<section class=\"elementor-section elementor-top-section elementor-element elementor-element-79f33461 elementor-section-boxed elementor-section-height-default elementor-section-height-default\" data-id=\"79f33461\" data-element_type=\"section\" data-settings=\"{&quot;background_background&quot;:&quot;classic&quot;}\">\n\t\t\t\t\t\t\t<div class=\"elementor-background-overlay\"><\/div>\n\t\t\t\t\t\t\t<div class=\"elementor-container elementor-column-gap-default\">\n\t\t\t\t\t<div class=\"elementor-column elementor-col-100 elementor-top-column elementor-element elementor-element-4302326d\" data-id=\"4302326d\" data-element_type=\"column\">\n\t\t\t<div class=\"elementor-widget-wrap elementor-element-populated\">\n\t\t\t\t\t\t\t\t<div class=\"elementor-element elementor-element-70b778a2 elementor-widget elementor-widget-heading\" data-id=\"70b778a2\" data-element_type=\"widget\" data-widget_type=\"heading.default\">\n\t\t\t\t<div class=\"elementor-widget-container\">\n\t\t\t<h2 class=\"elementor-heading-title elementor-size-default\">Empiece hoy mismo a dise\u00f1ar su soluci\u00f3n<\/h2>\t\t<\/div>\n\t\t\t\t<\/div>\n\t\t\t\t<div class=\"elementor-element elementor-element-5ecce9da elementor-widget elementor-widget-text-editor\" data-id=\"5ecce9da\" data-element_type=\"widget\" data-widget_type=\"text-editor.default\">\n\t\t\t\t<div class=\"elementor-widget-container\">\n\t\t\t\t\t\t\t<p>\u00bfNecesita servicios de entrega? Haga clic en el bot\u00f3n de abajo para proporcionar m\u00e1s informaci\u00f3n y un representante se pondr\u00e1 en contacto con usted.<\/p>\n\t\t\t\t\t\t<\/div>\n\t\t\t\t<\/div>\n\t\t\t\t<div class=\"elementor-element elementor-element-75faf594 elementor-align-center animated-slow elementor-invisible elementor-widget elementor-widget-button\" data-id=\"75faf594\" data-element_type=\"widget\" data-settings=\"{&quot;_animation&quot;:&quot;fadeInLeft&quot;}\" data-widget_type=\"button.default\">\n\t\t\t\t<div class=\"elementor-widget-container\">\n\t\t\t\t\t<div class=\"elementor-button-wrapper\">\n\t\t\t<a class=\"elementor-button elementor-button-link elementor-size-sm elementor-animation-float\" href=\"https:\/\/tempdev.bestovernite.com\/delivery-request-form\/\">\n\t\t\t\t\t\t<span class=\"elementor-button-content-wrapper\">\n\t\t\t\t\t\t<span class=\"elementor-button-text\">Solicitud de entrega<\/span>\n\t\t<\/span>\n\t\t\t\t\t<\/a>\n\t\t<\/div>\n\t\t\t\t<\/div>\n\t\t\t\t<\/div>\n\t\t\t\t\t<\/div>\n\t\t<\/div>\n\t\t\t\t\t\t\t<\/div>\n\t\t<\/section>\n\t\t\t\t\t\t\t<\/div>\n\t\t","protected":false},"excerpt":{"rendered":"<p>Entrega dedicada\/desatendida Ciertas industrias requieren soluciones LTL altamente personalizadas y dedicadas, una diferencia de unas pocas horas puede determinar el resultado de una venta o ser la causa de interrupciones no deseadas en la cadena de suministro. Para maximizar las ventas y la captaci\u00f3n de mercado, los transportistas desean ampliar las horas de cumplimiento de [&hellip;]<\/p>\n","protected":false},"author":1,"featured_media":0,"parent":2398,"menu_order":0,"comment_status":"closed","ping_status":"closed","template":"elementor_header_footer","meta":{"footnotes":""},"class_list":["post-2402","page","type-page","status-publish","hentry"],"yoast_head":"<!-- This site is optimized with the Yoast SEO plugin v22.6 - https:\/\/yoast.com\/wordpress\/plugins\/seo\/ -->\n<title>Entrega dedicada\/desatendida - Best Overnite Express<\/title>\n<meta name=\"description\" content=\"Maximice las ventas y la captaci\u00f3n de mercado con nuestras soluciones LTL altamente personalizadas. As\u00f3ciese con nosotros para crear su soluci\u00f3n de entrega dedicada\/desatendida hoy mismo.\" \/>\n<meta name=\"robots\" content=\"index, follow, max-snippet:-1, max-image-preview:large, max-video-preview:-1\" \/>\n<link rel=\"canonical\" href=\"https:\/\/tempdev.bestovernite.com\/es\/servicios\/entrega-dedicada-desatendida\/\" \/>\n<meta property=\"og:locale\" content=\"es_ES\" \/>\n<meta property=\"og:type\" content=\"article\" \/>\n<meta property=\"og:title\" content=\"Entrega dedicada\/desatendida - Best Overnite Express\" \/>\n<meta property=\"og:description\" content=\"Maximice las ventas y la captaci\u00f3n de mercado con nuestras soluciones LTL altamente personalizadas. As\u00f3ciese con nosotros para crear su soluci\u00f3n de entrega dedicada\/desatendida hoy mismo.\" \/>\n<meta property=\"og:url\" content=\"https:\/\/tempdev.bestovernite.com\/es\/servicios\/entrega-dedicada-desatendida\/\" \/>\n<meta property=\"og:site_name\" content=\"Best Overnite Express\" \/>\n<meta property=\"article:publisher\" content=\"https:\/\/www.facebook.com\/btvpltl\" \/>\n<meta property=\"article:modified_time\" content=\"2023-05-15T16:03:37+00:00\" \/>\n<meta property=\"og:image\" content=\"https:\/\/tempdev.bestovernite.com\/wp-content\/uploads\/2022\/10\/dedicated-unattended-delivery-service-image.jpg\" \/>\n<meta name=\"twitter:card\" content=\"summary_large_image\" \/>\n<meta name=\"twitter:label1\" content=\"Tiempo de lectura\" \/>\n\t<meta name=\"twitter:data1\" content=\"1 minuto\" \/>\n<script type=\"application\/ld+json\" class=\"yoast-schema-graph\">{\"@context\":\"https:\/\/schema.org\",\"@graph\":[{\"@type\":\"WebPage\",\"@id\":\"https:\/\/tempdev.bestovernite.com\/es\/servicios\/entrega-dedicada-desatendida\/\",\"url\":\"https:\/\/tempdev.bestovernite.com\/es\/servicios\/entrega-dedicada-desatendida\/\",\"name\":\"Entrega dedicada\/desatendida - Best Overnite Express\",\"isPartOf\":{\"@id\":\"https:\/\/tempdev.bestovernite.com\/es\/#website\"},\"primaryImageOfPage\":{\"@id\":\"https:\/\/tempdev.bestovernite.com\/es\/servicios\/entrega-dedicada-desatendida\/#primaryimage\"},\"image\":{\"@id\":\"https:\/\/tempdev.bestovernite.com\/es\/servicios\/entrega-dedicada-desatendida\/#primaryimage\"},\"thumbnailUrl\":\"https:\/\/tempdev.bestovernite.com\/wp-content\/uploads\/2022\/10\/dedicated-unattended-delivery-service-image.jpg\",\"datePublished\":\"2022-09-13T18:40:00+00:00\",\"dateModified\":\"2023-05-15T16:03:37+00:00\",\"description\":\"Maximice las ventas y la captaci\u00f3n de mercado con nuestras soluciones LTL altamente personalizadas. As\u00f3ciese con nosotros para crear su soluci\u00f3n de entrega dedicada\/desatendida hoy mismo.\",\"breadcrumb\":{\"@id\":\"https:\/\/tempdev.bestovernite.com\/es\/servicios\/entrega-dedicada-desatendida\/#breadcrumb\"},\"inLanguage\":\"es\",\"potentialAction\":[{\"@type\":\"ReadAction\",\"target\":[\"https:\/\/tempdev.bestovernite.com\/es\/servicios\/entrega-dedicada-desatendida\/\"]}]},{\"@type\":\"ImageObject\",\"inLanguage\":\"es\",\"@id\":\"https:\/\/tempdev.bestovernite.com\/es\/servicios\/entrega-dedicada-desatendida\/#primaryimage\",\"url\":\"https:\/\/tempdev.bestovernite.com\/wp-content\/uploads\/2022\/10\/dedicated-unattended-delivery-service-image.jpg\",\"contentUrl\":\"https:\/\/tempdev.bestovernite.com\/wp-content\/uploads\/2022\/10\/dedicated-unattended-delivery-service-image.jpg\"},{\"@type\":\"BreadcrumbList\",\"@id\":\"https:\/\/tempdev.bestovernite.com\/es\/servicios\/entrega-dedicada-desatendida\/#breadcrumb\",\"itemListElement\":[{\"@type\":\"ListItem\",\"position\":1,\"name\":\"Casa\",\"item\":\"https:\/\/tempdev.bestovernite.com\/es\/casa\/\"},{\"@type\":\"ListItem\",\"position\":2,\"name\":\"Servicios\",\"item\":\"https:\/\/tempdev.bestovernite.com\/es\/servicios\/\"},{\"@type\":\"ListItem\",\"position\":3,\"name\":\"Entrega dedicada\/desatendida\"}]},{\"@type\":\"WebSite\",\"@id\":\"https:\/\/tempdev.bestovernite.com\/es\/#website\",\"url\":\"https:\/\/tempdev.bestovernite.com\/es\/\",\"name\":\"Best Overnite Express\",\"description\":\"Su transportista LTL\",\"publisher\":{\"@id\":\"https:\/\/tempdev.bestovernite.com\/es\/#organization\"},\"potentialAction\":[{\"@type\":\"SearchAction\",\"target\":{\"@type\":\"EntryPoint\",\"urlTemplate\":\"https:\/\/tempdev.bestovernite.com\/es\/?s={search_term_string}\"},\"query-input\":\"required name=search_term_string\"}],\"inLanguage\":\"es\"},{\"@type\":\"Organization\",\"@id\":\"https:\/\/tempdev.bestovernite.com\/es\/#organization\",\"name\":\"Best Overnite Express\",\"url\":\"https:\/\/tempdev.bestovernite.com\/es\/\",\"logo\":{\"@type\":\"ImageObject\",\"inLanguage\":\"es\",\"@id\":\"https:\/\/tempdev.bestovernite.com\/es\/#\/schema\/logo\/image\/\",\"url\":\"https:\/\/tempdev.bestovernite.com\/wp-content\/uploads\/2022\/06\/logo.png\",\"contentUrl\":\"https:\/\/tempdev.bestovernite.com\/wp-content\/uploads\/2022\/06\/logo.png\",\"width\":294,\"height\":109,\"caption\":\"Best Overnite Express\"},\"image\":{\"@id\":\"https:\/\/tempdev.bestovernite.com\/es\/#\/schema\/logo\/image\/\"},\"sameAs\":[\"https:\/\/www.facebook.com\/btvpltl\",\"http:\/\/www.linkedin.com\/company\/best-overnite-express-inc-\",\"https:\/\/www.youtube.com\/user\/micahapple714\"]}]}<\/script>\n<!-- \/ Yoast SEO plugin. -->","yoast_head_json":{"title":"Entrega dedicada\/desatendida - Best Overnite Express","description":"Maximice las ventas y la captaci\u00f3n de mercado con nuestras soluciones LTL altamente personalizadas. As\u00f3ciese con nosotros para crear su soluci\u00f3n de entrega dedicada\/desatendida hoy mismo.","robots":{"index":"index","follow":"follow","max-snippet":"max-snippet:-1","max-image-preview":"max-image-preview:large","max-video-preview":"max-video-preview:-1"},"canonical":"https:\/\/tempdev.bestovernite.com\/es\/servicios\/entrega-dedicada-desatendida\/","og_locale":"es_ES","og_type":"article","og_title":"Entrega dedicada\/desatendida - Best Overnite Express","og_description":"Maximice las ventas y la captaci\u00f3n de mercado con nuestras soluciones LTL altamente personalizadas. As\u00f3ciese con nosotros para crear su soluci\u00f3n de entrega dedicada\/desatendida hoy mismo.","og_url":"https:\/\/tempdev.bestovernite.com\/es\/servicios\/entrega-dedicada-desatendida\/","og_site_name":"Best Overnite Express","article_publisher":"https:\/\/www.facebook.com\/btvpltl","article_modified_time":"2023-05-15T16:03:37+00:00","og_image":[{"url":"https:\/\/tempdev.bestovernite.com\/wp-content\/uploads\/2022\/10\/dedicated-unattended-delivery-service-image.jpg"}],"twitter_card":"summary_large_image","twitter_misc":{"Tiempo de lectura":"1 minuto"},"schema":{"@context":"https:\/\/schema.org","@graph":[{"@type":"WebPage","@id":"https:\/\/tempdev.bestovernite.com\/es\/servicios\/entrega-dedicada-desatendida\/","url":"https:\/\/tempdev.bestovernite.com\/es\/servicios\/entrega-dedicada-desatendida\/","name":"Entrega dedicada\/desatendida - Best Overnite Express","isPartOf":{"@id":"https:\/\/tempdev.bestovernite.com\/es\/#website"},"primaryImageOfPage":{"@id":"https:\/\/tempdev.bestovernite.com\/es\/servicios\/entrega-dedicada-desatendida\/#primaryimage"},"image":{"@id":"https:\/\/tempdev.bestovernite.com\/es\/servicios\/entrega-dedicada-desatendida\/#primaryimage"},"thumbnailUrl":"https:\/\/tempdev.bestovernite.com\/wp-content\/uploads\/2022\/10\/dedicated-unattended-delivery-service-image.jpg","datePublished":"2022-09-13T18:40:00+00:00","dateModified":"2023-05-15T16:03:37+00:00","description":"Maximice las ventas y la captaci\u00f3n de mercado con nuestras soluciones LTL altamente personalizadas. As\u00f3ciese con nosotros para crear su soluci\u00f3n de entrega dedicada\/desatendida hoy mismo.","breadcrumb":{"@id":"https:\/\/tempdev.bestovernite.com\/es\/servicios\/entrega-dedicada-desatendida\/#breadcrumb"},"inLanguage":"es","potentialAction":[{"@type":"ReadAction","target":["https:\/\/tempdev.bestovernite.com\/es\/servicios\/entrega-dedicada-desatendida\/"]}]},{"@type":"ImageObject","inLanguage":"es","@id":"https:\/\/tempdev.bestovernite.com\/es\/servicios\/entrega-dedicada-desatendida\/#primaryimage","url":"https:\/\/tempdev.bestovernite.com\/wp-content\/uploads\/2022\/10\/dedicated-unattended-delivery-service-image.jpg","contentUrl":"https:\/\/tempdev.bestovernite.com\/wp-content\/uploads\/2022\/10\/dedicated-unattended-delivery-service-image.jpg"},{"@type":"BreadcrumbList","@id":"https:\/\/tempdev.bestovernite.com\/es\/servicios\/entrega-dedicada-desatendida\/#breadcrumb","itemListElement":[{"@type":"ListItem","position":1,"name":"Casa","item":"https:\/\/tempdev.bestovernite.com\/es\/casa\/"},{"@type":"ListItem","position":2,"name":"Servicios","item":"https:\/\/tempdev.bestovernite.com\/es\/servicios\/"},{"@type":"ListItem","position":3,"name":"Entrega dedicada\/desatendida"}]},{"@type":"WebSite","@id":"https:\/\/tempdev.bestovernite.com\/es\/#website","url":"https:\/\/tempdev.bestovernite.com\/es\/","name":"Best Overnite Express","description":"Su transportista LTL","publisher":{"@id":"https:\/\/tempdev.bestovernite.com\/es\/#organization"},"potentialAction":[{"@type":"SearchAction","target":{"@type":"EntryPoint","urlTemplate":"https:\/\/tempdev.bestovernite.com\/es\/?s={search_term_string}"},"query-input":"required name=search_term_string"}],"inLanguage":"es"},{"@type":"Organization","@id":"https:\/\/tempdev.bestovernite.com\/es\/#organization","name":"Best Overnite Express","url":"https:\/\/tempdev.bestovernite.com\/es\/","logo":{"@type":"ImageObject","inLanguage":"es","@id":"https:\/\/tempdev.bestovernite.com\/es\/#\/schema\/logo\/image\/","url":"https:\/\/tempdev.bestovernite.com\/wp-content\/uploads\/2022\/06\/logo.png","contentUrl":"https:\/\/tempdev.bestovernite.com\/wp-content\/uploads\/2022\/06\/logo.png","width":294,"height":109,"caption":"Best Overnite Express"},"image":{"@id":"https:\/\/tempdev.bestovernite.com\/es\/#\/schema\/logo\/image\/"},"sameAs":["https:\/\/www.facebook.com\/btvpltl","http:\/\/www.linkedin.com\/company\/best-overnite-express-inc-","https:\/\/www.youtube.com\/user\/micahapple714"]}]}},"_links":{"self":[{"href":"https:\/\/tempdev.bestovernite.com\/es\/wp-json\/wp\/v2\/pages\/2402","targetHints":{"allow":["GET"]}}],"collection":[{"href":"https:\/\/tempdev.bestovernite.com\/es\/wp-json\/wp\/v2\/pages"}],"about":[{"href":"https:\/\/tempdev.bestovernite.com\/es\/wp-json\/wp\/v2\/types\/page"}],"author":[{"embeddable":true,"href":"https:\/\/tempdev.bestovernite.com\/es\/wp-json\/wp\/v2\/users\/1"}],"replies":[{"embeddable":true,"href":"https:\/\/tempdev.bestovernite.com\/es\/wp-json\/wp\/v2\/comments?post=2402"}],"version-history":[{"count":3,"href":"https:\/\/tempdev.bestovernite.com\/es\/wp-json\/wp\/v2\/pages\/2402\/revisions"}],"predecessor-version":[{"id":2714,"href":"https:\/\/tempdev.bestovernite.com\/es\/wp-json\/wp\/v2\/pages\/2402\/revisions\/2714"}],"up":[{"embeddable":true,"href":"https:\/\/tempdev.bestovernite.com\/es\/wp-json\/wp\/v2\/pages\/2398"}],"wp:attachment":[{"href":"https:\/\/tempdev.bestovernite.com\/es\/wp-json\/wp\/v2\/media?parent=2402"}],"curies":[{"name":"wp","href":"https:\/\/api.w.org\/{rel}","templated":true}]}}