{"id":2406,"date":"2022-09-13T12:15:00","date_gmt":"2022-09-13T19:15:00","guid":{"rendered":"https:\/\/tempdev.bestovernite.com\/servicios\/consolidacion-de-proveedores-distribucion-de-fondos-comunes\/"},"modified":"2024-01-03T08:55:04","modified_gmt":"2024-01-03T16:55:04","slug":"consolidacion-de-proveedores-distribucion-de-fondos-comunes","status":"publish","type":"page","link":"https:\/\/tempdev.bestovernite.com\/es\/servicios\/consolidacion-de-proveedores-distribucion-de-fondos-comunes\/","title":{"rendered":"Consolidaci\u00f3n de proveedores\/Distribuci\u00f3n de fondos comunes"},"content":{"rendered":"\t\t<div data-elementor-type=\"wp-page\" data-elementor-id=\"2406\" class=\"elementor elementor-2406 elementor-844\">\n\t\t\t\t\t\t\t\t\t<section class=\"elementor-section elementor-top-section elementor-element elementor-element-3a9fa34f elementor-section-boxed elementor-section-height-default elementor-section-height-default\" data-id=\"3a9fa34f\" data-element_type=\"section\">\n\t\t\t\t\t\t\t<div class=\"elementor-background-overlay\"><\/div>\n\t\t\t\t\t\t\t<div class=\"elementor-container elementor-column-gap-default\">\n\t\t\t\t\t<div class=\"elementor-column elementor-col-100 elementor-top-column elementor-element elementor-element-f512934\" data-id=\"f512934\" data-element_type=\"column\">\n\t\t\t<div class=\"elementor-widget-wrap elementor-element-populated\">\n\t\t\t\t\t\t\t\t<div class=\"elementor-element elementor-element-628118d8 elementor-widget elementor-widget-spacer\" data-id=\"628118d8\" data-element_type=\"widget\" data-widget_type=\"spacer.default\">\n\t\t\t\t<div class=\"elementor-widget-container\">\n\t\t\t<style>\/*! elementor - v3.18.0 - 20-12-2023 *\/\n.elementor-column .elementor-spacer-inner{height:var(--spacer-size)}.e-con{--container-widget-width:100%}.e-con-inner>.elementor-widget-spacer,.e-con>.elementor-widget-spacer{width:var(--container-widget-width,var(--spacer-size));--align-self:var(--container-widget-align-self,initial);--flex-shrink:0}.e-con-inner>.elementor-widget-spacer>.elementor-widget-container,.e-con>.elementor-widget-spacer>.elementor-widget-container{height:100%;width:100%}.e-con-inner>.elementor-widget-spacer>.elementor-widget-container>.elementor-spacer,.e-con>.elementor-widget-spacer>.elementor-widget-container>.elementor-spacer{height:100%}.e-con-inner>.elementor-widget-spacer>.elementor-widget-container>.elementor-spacer>.elementor-spacer-inner,.e-con>.elementor-widget-spacer>.elementor-widget-container>.elementor-spacer>.elementor-spacer-inner{height:var(--container-widget-height,var(--spacer-size))}.e-con-inner>.elementor-widget-spacer.elementor-widget-empty,.e-con>.elementor-widget-spacer.elementor-widget-empty{position:relative;min-height:22px;min-width:22px}.e-con-inner>.elementor-widget-spacer.elementor-widget-empty .elementor-widget-empty-icon,.e-con>.elementor-widget-spacer.elementor-widget-empty .elementor-widget-empty-icon{position:absolute;top:0;bottom:0;left:0;right:0;margin:auto;padding:0;width:22px;height:22px}<\/style>\t\t<div class=\"elementor-spacer\">\n\t\t\t<div class=\"elementor-spacer-inner\"><\/div>\n\t\t<\/div>\n\t\t\t\t<\/div>\n\t\t\t\t<\/div>\n\t\t\t\t\t<\/div>\n\t\t<\/div>\n\t\t\t\t\t\t\t<\/div>\n\t\t<\/section>\n\t\t\t\t<section class=\"elementor-section elementor-top-section elementor-element elementor-element-711c4504 elementor-section-content-middle elementor-section-boxed elementor-section-height-default elementor-section-height-default\" data-id=\"711c4504\" data-element_type=\"section\" data-settings=\"{&quot;background_background&quot;:&quot;classic&quot;}\">\n\t\t\t\t\t\t<div class=\"elementor-container elementor-column-gap-default\">\n\t\t\t\t\t<div class=\"elementor-column elementor-col-50 elementor-top-column elementor-element elementor-element-58ee99c0\" data-id=\"58ee99c0\" data-element_type=\"column\">\n\t\t\t<div class=\"elementor-widget-wrap elementor-element-populated\">\n\t\t\t\t\t\t\t\t<div class=\"elementor-element elementor-element-6c789c5c elementor-widget elementor-widget-image\" data-id=\"6c789c5c\" data-element_type=\"widget\" data-widget_type=\"image.default\">\n\t\t\t\t<div class=\"elementor-widget-container\">\n\t\t\t<style>\/*! elementor - v3.18.0 - 20-12-2023 *\/\n.elementor-widget-image{text-align:center}.elementor-widget-image a{display:inline-block}.elementor-widget-image a img[src$=\".svg\"]{width:48px}.elementor-widget-image img{vertical-align:middle;display:inline-block}<\/style>\t\t\t\t\t\t\t\t\t\t\t\t<img fetchpriority=\"high\" decoding=\"async\" width=\"624\" height=\"370\" src=\"https:\/\/tempdev.bestovernite.com\/wp-content\/uploads\/2024\/01\/consolidation-distribution-v2.png\" class=\"attachment-full size-full wp-image-2929\" alt=\"\" srcset=\"https:\/\/tempdev.bestovernite.com\/wp-content\/uploads\/2024\/01\/consolidation-distribution-v2.png 624w, https:\/\/tempdev.bestovernite.com\/wp-content\/uploads\/2024\/01\/consolidation-distribution-v2-300x178.png 300w\" sizes=\"(max-width: 624px) 100vw, 624px\" \/>\t\t\t\t\t\t\t\t\t\t\t\t\t\t\t<\/div>\n\t\t\t\t<\/div>\n\t\t\t\t\t<\/div>\n\t\t<\/div>\n\t\t\t\t<div class=\"elementor-column elementor-col-50 elementor-top-column elementor-element elementor-element-57f59cea\" data-id=\"57f59cea\" data-element_type=\"column\">\n\t\t\t<div class=\"elementor-widget-wrap elementor-element-populated\">\n\t\t\t\t\t\t\t\t<section class=\"elementor-section elementor-inner-section elementor-element elementor-element-6374c1c8 elementor-section-content-middle elementor-section-boxed elementor-section-height-default elementor-section-height-default\" data-id=\"6374c1c8\" data-element_type=\"section\">\n\t\t\t\t\t\t<div class=\"elementor-container elementor-column-gap-default\">\n\t\t\t\t\t<div class=\"elementor-column elementor-col-100 elementor-inner-column elementor-element elementor-element-330119fd\" data-id=\"330119fd\" data-element_type=\"column\">\n\t\t\t<div class=\"elementor-widget-wrap elementor-element-populated\">\n\t\t\t\t\t\t\t\t<div class=\"elementor-element elementor-element-226e7bd2 elementor-widget elementor-widget-heading\" data-id=\"226e7bd2\" data-element_type=\"widget\" data-widget_type=\"heading.default\">\n\t\t\t\t<div class=\"elementor-widget-container\">\n\t\t\t<style>\/*! elementor - v3.18.0 - 20-12-2023 *\/\n.elementor-heading-title{padding:0;margin:0;line-height:1}.elementor-widget-heading .elementor-heading-title[class*=elementor-size-]>a{color:inherit;font-size:inherit;line-height:inherit}.elementor-widget-heading .elementor-heading-title.elementor-size-small{font-size:15px}.elementor-widget-heading .elementor-heading-title.elementor-size-medium{font-size:19px}.elementor-widget-heading .elementor-heading-title.elementor-size-large{font-size:29px}.elementor-widget-heading .elementor-heading-title.elementor-size-xl{font-size:39px}.elementor-widget-heading .elementor-heading-title.elementor-size-xxl{font-size:59px}<\/style><h1 class=\"elementor-heading-title elementor-size-default\">Consolidaci\u00f3n de proveedores\/Distribuci\u00f3n de fondos comunes<\/h1>\t\t<\/div>\n\t\t\t\t<\/div>\n\t\t\t\t\t<\/div>\n\t\t<\/div>\n\t\t\t\t\t\t\t<\/div>\n\t\t<\/section>\n\t\t\t\t<section class=\"elementor-section elementor-inner-section elementor-element elementor-element-5593b7f8 elementor-section-boxed elementor-section-height-default elementor-section-height-default\" data-id=\"5593b7f8\" data-element_type=\"section\">\n\t\t\t\t\t\t<div class=\"elementor-container elementor-column-gap-default\">\n\t\t\t\t\t<div class=\"elementor-column elementor-col-100 elementor-inner-column elementor-element elementor-element-22e9a021\" data-id=\"22e9a021\" data-element_type=\"column\" data-settings=\"{&quot;background_background&quot;:&quot;classic&quot;}\">\n\t\t\t<div class=\"elementor-widget-wrap elementor-element-populated\">\n\t\t\t\t\t\t\t\t<div class=\"elementor-element elementor-element-5c198376 elementor-widget elementor-widget-text-editor\" data-id=\"5c198376\" data-element_type=\"widget\" data-widget_type=\"text-editor.default\">\n\t\t\t\t<div class=\"elementor-widget-container\">\n\t\t\t<style>\/*! elementor - v3.18.0 - 20-12-2023 *\/\n.elementor-widget-text-editor.elementor-drop-cap-view-stacked .elementor-drop-cap{background-color:#69727d;color:#fff}.elementor-widget-text-editor.elementor-drop-cap-view-framed .elementor-drop-cap{color:#69727d;border:3px solid;background-color:transparent}.elementor-widget-text-editor:not(.elementor-drop-cap-view-default) .elementor-drop-cap{margin-top:8px}.elementor-widget-text-editor:not(.elementor-drop-cap-view-default) .elementor-drop-cap-letter{width:1em;height:1em}.elementor-widget-text-editor .elementor-drop-cap{float:left;text-align:center;line-height:1;font-size:50px}.elementor-widget-text-editor .elementor-drop-cap-letter{display:inline-block}<\/style>\t\t\t\t<p>Best Overnite ofrece la consolidaci\u00f3n de proveedores y la distribuci\u00f3n de la piscina de nuestro muelle de cruce y las instalaciones de almacenamiento a trav\u00e9s de CA. Podemos ofrecer flexibilidad para los env\u00edos de entrada y salida que se adapten a sus necesidades de la cadena de suministro, servicios de consultor\u00eda de transporte comprado de largo recorrido est\u00e1n disponibles. P\u00f3ngase en contacto con nosotros hoy mismo.<\/p>\n\t\t\t\t\t\t<\/div>\n\t\t\t\t<\/div>\n\t\t\t\t\t<\/div>\n\t\t<\/div>\n\t\t\t\t\t\t\t<\/div>\n\t\t<\/section>\n\t\t\t\t\t<\/div>\n\t\t<\/div>\n\t\t\t\t\t\t\t<\/div>\n\t\t<\/section>\n\t\t\t\t<section class=\"elementor-section elementor-top-section elementor-element elementor-element-35375985 elementor-section-boxed elementor-section-height-default elementor-section-height-default\" data-id=\"35375985\" data-element_type=\"section\" data-settings=\"{&quot;background_background&quot;:&quot;classic&quot;}\">\n\t\t\t\t\t\t\t<div class=\"elementor-background-overlay\"><\/div>\n\t\t\t\t\t\t\t<div class=\"elementor-container elementor-column-gap-default\">\n\t\t\t\t\t<div class=\"elementor-column elementor-col-100 elementor-top-column elementor-element elementor-element-236c4be\" data-id=\"236c4be\" data-element_type=\"column\">\n\t\t\t<div class=\"elementor-widget-wrap elementor-element-populated\">\n\t\t\t\t\t\t\t\t<div class=\"elementor-element elementor-element-3fbd3b78 elementor-widget elementor-widget-heading\" data-id=\"3fbd3b78\" data-element_type=\"widget\" data-widget_type=\"heading.default\">\n\t\t\t\t<div class=\"elementor-widget-container\">\n\t\t\t<h2 class=\"elementor-heading-title elementor-size-default\">Empiece hoy mismo a dise\u00f1ar su soluci\u00f3n<\/h2>\t\t<\/div>\n\t\t\t\t<\/div>\n\t\t\t\t<div class=\"elementor-element elementor-element-780fe87d elementor-widget elementor-widget-text-editor\" data-id=\"780fe87d\" data-element_type=\"widget\" data-widget_type=\"text-editor.default\">\n\t\t\t\t<div class=\"elementor-widget-container\">\n\t\t\t\t\t\t\t<p>\u00bfNecesita servicios de entrega? Haga clic en el bot\u00f3n de abajo para proporcionar m\u00e1s informaci\u00f3n y un representante se pondr\u00e1 en contacto con usted.<\/p>\n\t\t\t\t\t\t<\/div>\n\t\t\t\t<\/div>\n\t\t\t\t<div class=\"elementor-element elementor-element-23727e8c elementor-align-center animated-slow elementor-invisible elementor-widget elementor-widget-button\" data-id=\"23727e8c\" data-element_type=\"widget\" data-settings=\"{&quot;_animation&quot;:&quot;fadeInLeft&quot;}\" data-widget_type=\"button.default\">\n\t\t\t\t<div class=\"elementor-widget-container\">\n\t\t\t\t\t<div class=\"elementor-button-wrapper\">\n\t\t\t<a class=\"elementor-button elementor-button-link elementor-size-sm elementor-animation-float\" href=\"https:\/\/tempdev.bestovernite.com\/delivery-request-form\/\">\n\t\t\t\t\t\t<span class=\"elementor-button-content-wrapper\">\n\t\t\t\t\t\t<span class=\"elementor-button-text\">Solicitud de entrega<\/span>\n\t\t<\/span>\n\t\t\t\t\t<\/a>\n\t\t<\/div>\n\t\t\t\t<\/div>\n\t\t\t\t<\/div>\n\t\t\t\t\t<\/div>\n\t\t<\/div>\n\t\t\t\t\t\t\t<\/div>\n\t\t<\/section>\n\t\t\t\t\t\t\t<\/div>\n\t\t","protected":false},"excerpt":{"rendered":"<p>Consolidaci\u00f3n de proveedores\/Distribuci\u00f3n de fondos comunes Best Overnite ofrece la consolidaci\u00f3n de proveedores y la distribuci\u00f3n de la piscina de nuestro muelle de cruce y las instalaciones de almacenamiento a trav\u00e9s de CA. Podemos ofrecer flexibilidad para los env\u00edos de entrada y salida que se adapten a sus necesidades de la cadena de suministro, servicios [&hellip;]<\/p>\n","protected":false},"author":1,"featured_media":0,"parent":2398,"menu_order":0,"comment_status":"closed","ping_status":"closed","template":"elementor_header_footer","meta":{"footnotes":""},"class_list":["post-2406","page","type-page","status-publish","hentry"],"yoast_head":"<!-- This site is optimized with the Yoast SEO plugin v22.6 - https:\/\/yoast.com\/wordpress\/plugins\/seo\/ -->\n<title>Consolidaci\u00f3n de proveedores\/Distribuci\u00f3n de fondos comunes - Best Overnite Express<\/title>\n<meta name=\"description\" content=\"Best Overnite ofrece consolidaci\u00f3n de proveedores y distribuci\u00f3n de pool desde nuestras instalaciones de cross-dock y almacenaje en Benicia, CA e Irwindale, CA.\" \/>\n<meta name=\"robots\" content=\"index, follow, max-snippet:-1, max-image-preview:large, max-video-preview:-1\" \/>\n<link rel=\"canonical\" href=\"https:\/\/tempdev.bestovernite.com\/es\/servicios\/consolidacion-de-proveedores-distribucion-de-fondos-comunes\/\" \/>\n<meta property=\"og:locale\" content=\"es_ES\" \/>\n<meta property=\"og:type\" content=\"article\" \/>\n<meta property=\"og:title\" content=\"Consolidaci\u00f3n de proveedores\/Distribuci\u00f3n de fondos comunes - Best Overnite Express\" \/>\n<meta property=\"og:description\" content=\"Best Overnite ofrece consolidaci\u00f3n de proveedores y distribuci\u00f3n de pool desde nuestras instalaciones de cross-dock y almacenaje en Benicia, CA e Irwindale, CA.\" \/>\n<meta property=\"og:url\" content=\"https:\/\/tempdev.bestovernite.com\/es\/servicios\/consolidacion-de-proveedores-distribucion-de-fondos-comunes\/\" \/>\n<meta property=\"og:site_name\" content=\"Best Overnite Express\" \/>\n<meta property=\"article:publisher\" content=\"https:\/\/www.facebook.com\/btvpltl\" \/>\n<meta property=\"article:modified_time\" content=\"2024-01-03T16:55:04+00:00\" \/>\n<meta property=\"og:image\" content=\"https:\/\/tempdev.bestovernite.com\/wp-content\/uploads\/2024\/01\/consolidation-distribution-v2.png\" \/>\n<meta name=\"twitter:card\" content=\"summary_large_image\" \/>\n<meta name=\"twitter:label1\" content=\"Tiempo de lectura\" \/>\n\t<meta name=\"twitter:data1\" content=\"1 minuto\" \/>\n<script type=\"application\/ld+json\" class=\"yoast-schema-graph\">{\"@context\":\"https:\/\/schema.org\",\"@graph\":[{\"@type\":\"WebPage\",\"@id\":\"https:\/\/tempdev.bestovernite.com\/es\/servicios\/consolidacion-de-proveedores-distribucion-de-fondos-comunes\/\",\"url\":\"https:\/\/tempdev.bestovernite.com\/es\/servicios\/consolidacion-de-proveedores-distribucion-de-fondos-comunes\/\",\"name\":\"Consolidaci\u00f3n de proveedores\/Distribuci\u00f3n de fondos comunes - Best Overnite Express\",\"isPartOf\":{\"@id\":\"https:\/\/tempdev.bestovernite.com\/es\/#website\"},\"primaryImageOfPage\":{\"@id\":\"https:\/\/tempdev.bestovernite.com\/es\/servicios\/consolidacion-de-proveedores-distribucion-de-fondos-comunes\/#primaryimage\"},\"image\":{\"@id\":\"https:\/\/tempdev.bestovernite.com\/es\/servicios\/consolidacion-de-proveedores-distribucion-de-fondos-comunes\/#primaryimage\"},\"thumbnailUrl\":\"https:\/\/tempdev.bestovernite.com\/wp-content\/uploads\/2024\/01\/consolidation-distribution-v2.png\",\"datePublished\":\"2022-09-13T19:15:00+00:00\",\"dateModified\":\"2024-01-03T16:55:04+00:00\",\"description\":\"Best Overnite ofrece consolidaci\u00f3n de proveedores y distribuci\u00f3n de pool desde nuestras instalaciones de cross-dock y almacenaje en Benicia, CA e Irwindale, CA.\",\"breadcrumb\":{\"@id\":\"https:\/\/tempdev.bestovernite.com\/es\/servicios\/consolidacion-de-proveedores-distribucion-de-fondos-comunes\/#breadcrumb\"},\"inLanguage\":\"es\",\"potentialAction\":[{\"@type\":\"ReadAction\",\"target\":[\"https:\/\/tempdev.bestovernite.com\/es\/servicios\/consolidacion-de-proveedores-distribucion-de-fondos-comunes\/\"]}]},{\"@type\":\"ImageObject\",\"inLanguage\":\"es\",\"@id\":\"https:\/\/tempdev.bestovernite.com\/es\/servicios\/consolidacion-de-proveedores-distribucion-de-fondos-comunes\/#primaryimage\",\"url\":\"https:\/\/tempdev.bestovernite.com\/wp-content\/uploads\/2024\/01\/consolidation-distribution-v2.png\",\"contentUrl\":\"https:\/\/tempdev.bestovernite.com\/wp-content\/uploads\/2024\/01\/consolidation-distribution-v2.png\"},{\"@type\":\"BreadcrumbList\",\"@id\":\"https:\/\/tempdev.bestovernite.com\/es\/servicios\/consolidacion-de-proveedores-distribucion-de-fondos-comunes\/#breadcrumb\",\"itemListElement\":[{\"@type\":\"ListItem\",\"position\":1,\"name\":\"Casa\",\"item\":\"https:\/\/tempdev.bestovernite.com\/es\/casa\/\"},{\"@type\":\"ListItem\",\"position\":2,\"name\":\"Servicios\",\"item\":\"https:\/\/tempdev.bestovernite.com\/es\/servicios\/\"},{\"@type\":\"ListItem\",\"position\":3,\"name\":\"Consolidaci\u00f3n de proveedores\/Distribuci\u00f3n de fondos comunes\"}]},{\"@type\":\"WebSite\",\"@id\":\"https:\/\/tempdev.bestovernite.com\/es\/#website\",\"url\":\"https:\/\/tempdev.bestovernite.com\/es\/\",\"name\":\"Best Overnite Express\",\"description\":\"Su transportista LTL\",\"publisher\":{\"@id\":\"https:\/\/tempdev.bestovernite.com\/es\/#organization\"},\"potentialAction\":[{\"@type\":\"SearchAction\",\"target\":{\"@type\":\"EntryPoint\",\"urlTemplate\":\"https:\/\/tempdev.bestovernite.com\/es\/?s={search_term_string}\"},\"query-input\":\"required name=search_term_string\"}],\"inLanguage\":\"es\"},{\"@type\":\"Organization\",\"@id\":\"https:\/\/tempdev.bestovernite.com\/es\/#organization\",\"name\":\"Best Overnite Express\",\"url\":\"https:\/\/tempdev.bestovernite.com\/es\/\",\"logo\":{\"@type\":\"ImageObject\",\"inLanguage\":\"es\",\"@id\":\"https:\/\/tempdev.bestovernite.com\/es\/#\/schema\/logo\/image\/\",\"url\":\"https:\/\/tempdev.bestovernite.com\/wp-content\/uploads\/2022\/06\/logo.png\",\"contentUrl\":\"https:\/\/tempdev.bestovernite.com\/wp-content\/uploads\/2022\/06\/logo.png\",\"width\":294,\"height\":109,\"caption\":\"Best Overnite Express\"},\"image\":{\"@id\":\"https:\/\/tempdev.bestovernite.com\/es\/#\/schema\/logo\/image\/\"},\"sameAs\":[\"https:\/\/www.facebook.com\/btvpltl\",\"http:\/\/www.linkedin.com\/company\/best-overnite-express-inc-\",\"https:\/\/www.youtube.com\/user\/micahapple714\"]}]}<\/script>\n<!-- \/ Yoast SEO plugin. -->","yoast_head_json":{"title":"Consolidaci\u00f3n de proveedores\/Distribuci\u00f3n de fondos comunes - Best Overnite Express","description":"Best Overnite ofrece consolidaci\u00f3n de proveedores y distribuci\u00f3n de pool desde nuestras instalaciones de cross-dock y almacenaje en Benicia, CA e Irwindale, CA.","robots":{"index":"index","follow":"follow","max-snippet":"max-snippet:-1","max-image-preview":"max-image-preview:large","max-video-preview":"max-video-preview:-1"},"canonical":"https:\/\/tempdev.bestovernite.com\/es\/servicios\/consolidacion-de-proveedores-distribucion-de-fondos-comunes\/","og_locale":"es_ES","og_type":"article","og_title":"Consolidaci\u00f3n de proveedores\/Distribuci\u00f3n de fondos comunes - Best Overnite Express","og_description":"Best Overnite ofrece consolidaci\u00f3n de proveedores y distribuci\u00f3n de pool desde nuestras instalaciones de cross-dock y almacenaje en Benicia, CA e Irwindale, CA.","og_url":"https:\/\/tempdev.bestovernite.com\/es\/servicios\/consolidacion-de-proveedores-distribucion-de-fondos-comunes\/","og_site_name":"Best Overnite Express","article_publisher":"https:\/\/www.facebook.com\/btvpltl","article_modified_time":"2024-01-03T16:55:04+00:00","og_image":[{"url":"https:\/\/tempdev.bestovernite.com\/wp-content\/uploads\/2024\/01\/consolidation-distribution-v2.png"}],"twitter_card":"summary_large_image","twitter_misc":{"Tiempo de lectura":"1 minuto"},"schema":{"@context":"https:\/\/schema.org","@graph":[{"@type":"WebPage","@id":"https:\/\/tempdev.bestovernite.com\/es\/servicios\/consolidacion-de-proveedores-distribucion-de-fondos-comunes\/","url":"https:\/\/tempdev.bestovernite.com\/es\/servicios\/consolidacion-de-proveedores-distribucion-de-fondos-comunes\/","name":"Consolidaci\u00f3n de proveedores\/Distribuci\u00f3n de fondos comunes - Best Overnite Express","isPartOf":{"@id":"https:\/\/tempdev.bestovernite.com\/es\/#website"},"primaryImageOfPage":{"@id":"https:\/\/tempdev.bestovernite.com\/es\/servicios\/consolidacion-de-proveedores-distribucion-de-fondos-comunes\/#primaryimage"},"image":{"@id":"https:\/\/tempdev.bestovernite.com\/es\/servicios\/consolidacion-de-proveedores-distribucion-de-fondos-comunes\/#primaryimage"},"thumbnailUrl":"https:\/\/tempdev.bestovernite.com\/wp-content\/uploads\/2024\/01\/consolidation-distribution-v2.png","datePublished":"2022-09-13T19:15:00+00:00","dateModified":"2024-01-03T16:55:04+00:00","description":"Best Overnite ofrece consolidaci\u00f3n de proveedores y distribuci\u00f3n de pool desde nuestras instalaciones de cross-dock y almacenaje en Benicia, CA e Irwindale, CA.","breadcrumb":{"@id":"https:\/\/tempdev.bestovernite.com\/es\/servicios\/consolidacion-de-proveedores-distribucion-de-fondos-comunes\/#breadcrumb"},"inLanguage":"es","potentialAction":[{"@type":"ReadAction","target":["https:\/\/tempdev.bestovernite.com\/es\/servicios\/consolidacion-de-proveedores-distribucion-de-fondos-comunes\/"]}]},{"@type":"ImageObject","inLanguage":"es","@id":"https:\/\/tempdev.bestovernite.com\/es\/servicios\/consolidacion-de-proveedores-distribucion-de-fondos-comunes\/#primaryimage","url":"https:\/\/tempdev.bestovernite.com\/wp-content\/uploads\/2024\/01\/consolidation-distribution-v2.png","contentUrl":"https:\/\/tempdev.bestovernite.com\/wp-content\/uploads\/2024\/01\/consolidation-distribution-v2.png"},{"@type":"BreadcrumbList","@id":"https:\/\/tempdev.bestovernite.com\/es\/servicios\/consolidacion-de-proveedores-distribucion-de-fondos-comunes\/#breadcrumb","itemListElement":[{"@type":"ListItem","position":1,"name":"Casa","item":"https:\/\/tempdev.bestovernite.com\/es\/casa\/"},{"@type":"ListItem","position":2,"name":"Servicios","item":"https:\/\/tempdev.bestovernite.com\/es\/servicios\/"},{"@type":"ListItem","position":3,"name":"Consolidaci\u00f3n de proveedores\/Distribuci\u00f3n de fondos comunes"}]},{"@type":"WebSite","@id":"https:\/\/tempdev.bestovernite.com\/es\/#website","url":"https:\/\/tempdev.bestovernite.com\/es\/","name":"Best Overnite Express","description":"Su transportista LTL","publisher":{"@id":"https:\/\/tempdev.bestovernite.com\/es\/#organization"},"potentialAction":[{"@type":"SearchAction","target":{"@type":"EntryPoint","urlTemplate":"https:\/\/tempdev.bestovernite.com\/es\/?s={search_term_string}"},"query-input":"required name=search_term_string"}],"inLanguage":"es"},{"@type":"Organization","@id":"https:\/\/tempdev.bestovernite.com\/es\/#organization","name":"Best Overnite Express","url":"https:\/\/tempdev.bestovernite.com\/es\/","logo":{"@type":"ImageObject","inLanguage":"es","@id":"https:\/\/tempdev.bestovernite.com\/es\/#\/schema\/logo\/image\/","url":"https:\/\/tempdev.bestovernite.com\/wp-content\/uploads\/2022\/06\/logo.png","contentUrl":"https:\/\/tempdev.bestovernite.com\/wp-content\/uploads\/2022\/06\/logo.png","width":294,"height":109,"caption":"Best Overnite Express"},"image":{"@id":"https:\/\/tempdev.bestovernite.com\/es\/#\/schema\/logo\/image\/"},"sameAs":["https:\/\/www.facebook.com\/btvpltl","http:\/\/www.linkedin.com\/company\/best-overnite-express-inc-","https:\/\/www.youtube.com\/user\/micahapple714"]}]}},"_links":{"self":[{"href":"https:\/\/tempdev.bestovernite.com\/es\/wp-json\/wp\/v2\/pages\/2406","targetHints":{"allow":["GET"]}}],"collection":[{"href":"https:\/\/tempdev.bestovernite.com\/es\/wp-json\/wp\/v2\/pages"}],"about":[{"href":"https:\/\/tempdev.bestovernite.com\/es\/wp-json\/wp\/v2\/types\/page"}],"author":[{"embeddable":true,"href":"https:\/\/tempdev.bestovernite.com\/es\/wp-json\/wp\/v2\/users\/1"}],"replies":[{"embeddable":true,"href":"https:\/\/tempdev.bestovernite.com\/es\/wp-json\/wp\/v2\/comments?post=2406"}],"version-history":[{"count":3,"href":"https:\/\/tempdev.bestovernite.com\/es\/wp-json\/wp\/v2\/pages\/2406\/revisions"}],"predecessor-version":[{"id":2934,"href":"https:\/\/tempdev.bestovernite.com\/es\/wp-json\/wp\/v2\/pages\/2406\/revisions\/2934"}],"up":[{"embeddable":true,"href":"https:\/\/tempdev.bestovernite.com\/es\/wp-json\/wp\/v2\/pages\/2398"}],"wp:attachment":[{"href":"https:\/\/tempdev.bestovernite.com\/es\/wp-json\/wp\/v2\/media?parent=2406"}],"curies":[{"name":"wp","href":"https:\/\/api.w.org\/{rel}","templated":true}]}}