{"id":2410,"date":"2022-11-10T05:26:21","date_gmt":"2022-11-10T13:26:21","guid":{"rendered":"https:\/\/tempdev.bestovernite.com\/tiempos-de-transito\/"},"modified":"2023-05-11T13:30:38","modified_gmt":"2023-05-11T20:30:38","slug":"tiempos-de-transito","status":"publish","type":"page","link":"https:\/\/tempdev.bestovernite.com\/es\/tiempos-de-transito\/","title":{"rendered":"Tiempos de tr\u00e1nsito"},"content":{"rendered":"\t\t<div data-elementor-type=\"wp-page\" data-elementor-id=\"2410\" class=\"elementor elementor-2410 elementor-1319\">\n\t\t\t\t\t\t\t\t\t<section class=\"elementor-section elementor-top-section elementor-element elementor-element-2988d8d3 elementor-section-boxed elementor-section-height-default elementor-section-height-default\" data-id=\"2988d8d3\" data-element_type=\"section\">\n\t\t\t\t\t\t\t<div class=\"elementor-background-overlay\"><\/div>\n\t\t\t\t\t\t\t<div class=\"elementor-container elementor-column-gap-default\">\n\t\t\t\t\t<div class=\"elementor-column elementor-col-100 elementor-top-column elementor-element elementor-element-75c57e3b\" data-id=\"75c57e3b\" data-element_type=\"column\">\n\t\t\t<div class=\"elementor-widget-wrap elementor-element-populated\">\n\t\t\t\t\t\t\t\t<div class=\"elementor-element elementor-element-4039355d elementor-widget elementor-widget-spacer\" data-id=\"4039355d\" data-element_type=\"widget\" data-widget_type=\"spacer.default\">\n\t\t\t\t<div class=\"elementor-widget-container\">\n\t\t\t<style>\/*! elementor - v3.18.0 - 20-12-2023 *\/\n.elementor-column .elementor-spacer-inner{height:var(--spacer-size)}.e-con{--container-widget-width:100%}.e-con-inner>.elementor-widget-spacer,.e-con>.elementor-widget-spacer{width:var(--container-widget-width,var(--spacer-size));--align-self:var(--container-widget-align-self,initial);--flex-shrink:0}.e-con-inner>.elementor-widget-spacer>.elementor-widget-container,.e-con>.elementor-widget-spacer>.elementor-widget-container{height:100%;width:100%}.e-con-inner>.elementor-widget-spacer>.elementor-widget-container>.elementor-spacer,.e-con>.elementor-widget-spacer>.elementor-widget-container>.elementor-spacer{height:100%}.e-con-inner>.elementor-widget-spacer>.elementor-widget-container>.elementor-spacer>.elementor-spacer-inner,.e-con>.elementor-widget-spacer>.elementor-widget-container>.elementor-spacer>.elementor-spacer-inner{height:var(--container-widget-height,var(--spacer-size))}.e-con-inner>.elementor-widget-spacer.elementor-widget-empty,.e-con>.elementor-widget-spacer.elementor-widget-empty{position:relative;min-height:22px;min-width:22px}.e-con-inner>.elementor-widget-spacer.elementor-widget-empty .elementor-widget-empty-icon,.e-con>.elementor-widget-spacer.elementor-widget-empty .elementor-widget-empty-icon{position:absolute;top:0;bottom:0;left:0;right:0;margin:auto;padding:0;width:22px;height:22px}<\/style>\t\t<div class=\"elementor-spacer\">\n\t\t\t<div class=\"elementor-spacer-inner\"><\/div>\n\t\t<\/div>\n\t\t\t\t<\/div>\n\t\t\t\t<\/div>\n\t\t\t\t\t<\/div>\n\t\t<\/div>\n\t\t\t\t\t\t\t<\/div>\n\t\t<\/section>\n\t\t\t\t<section class=\"elementor-section elementor-top-section elementor-element elementor-element-58e019eb elementor-section-boxed elementor-section-height-default elementor-section-height-default\" data-id=\"58e019eb\" data-element_type=\"section\">\n\t\t\t\t\t\t<div class=\"elementor-container elementor-column-gap-default\">\n\t\t\t\t\t<div class=\"elementor-column elementor-col-100 elementor-top-column elementor-element elementor-element-d9132f8\" data-id=\"d9132f8\" data-element_type=\"column\">\n\t\t\t<div class=\"elementor-widget-wrap elementor-element-populated\">\n\t\t\t\t\t\t\t\t<div class=\"elementor-element elementor-element-45345fc7 elementor-widget elementor-widget-heading\" data-id=\"45345fc7\" data-element_type=\"widget\" data-widget_type=\"heading.default\">\n\t\t\t\t<div class=\"elementor-widget-container\">\n\t\t\t<style>\/*! elementor - v3.18.0 - 20-12-2023 *\/\n.elementor-heading-title{padding:0;margin:0;line-height:1}.elementor-widget-heading .elementor-heading-title[class*=elementor-size-]>a{color:inherit;font-size:inherit;line-height:inherit}.elementor-widget-heading .elementor-heading-title.elementor-size-small{font-size:15px}.elementor-widget-heading .elementor-heading-title.elementor-size-medium{font-size:19px}.elementor-widget-heading .elementor-heading-title.elementor-size-large{font-size:29px}.elementor-widget-heading .elementor-heading-title.elementor-size-xl{font-size:39px}.elementor-widget-heading .elementor-heading-title.elementor-size-xxl{font-size:59px}<\/style><h2 class=\"elementor-heading-title elementor-size-default\">Tiempos de tr\u00e1nsito<\/h2>\t\t<\/div>\n\t\t\t\t<\/div>\n\t\t\t\t\t<\/div>\n\t\t<\/div>\n\t\t\t\t\t\t\t<\/div>\n\t\t<\/section>\n\t\t\t\t<section class=\"elementor-section elementor-top-section elementor-element elementor-element-67281617 elementor-section-boxed elementor-section-height-default elementor-section-height-default\" data-id=\"67281617\" data-element_type=\"section\">\n\t\t\t\t\t\t<div class=\"elementor-container elementor-column-gap-default\">\n\t\t\t\t\t<div class=\"elementor-column elementor-col-100 elementor-top-column elementor-element elementor-element-7b0e48fa\" data-id=\"7b0e48fa\" data-element_type=\"column\">\n\t\t\t<div class=\"elementor-widget-wrap elementor-element-populated\">\n\t\t\t\t\t\t\t\t<div class=\"elementor-element elementor-element-1b4f349f elementor-widget elementor-widget-html\" data-id=\"1b4f349f\" data-element_type=\"widget\" data-widget_type=\"html.default\">\n\t\t\t\t<div class=\"elementor-widget-container\">\n\t\t\t<div class=\"container\">\n  <iframe class=\"responsive-iframe\" src=\"https:\/\/tgif.bestovernite.com\/cgi-bin\/wbsrvtrm\"><\/iframe>\n<\/div>\n\n\t\t<\/div>\n\t\t\t\t<\/div>\n\t\t\t\t\t<\/div>\n\t\t<\/div>\n\t\t\t\t\t\t\t<\/div>\n\t\t<\/section>\n\t\t\t\t\t\t\t<\/div>\n\t\t","protected":false},"excerpt":{"rendered":"<p>Tiempos de tr\u00e1nsito<\/p>\n","protected":false},"author":1,"featured_media":0,"parent":0,"menu_order":0,"comment_status":"closed","ping_status":"closed","template":"elementor_header_footer","meta":{"footnotes":""},"class_list":["post-2410","page","type-page","status-publish","hentry"],"yoast_head":"<!-- This site is optimized with the Yoast SEO plugin v22.6 - https:\/\/yoast.com\/wordpress\/plugins\/seo\/ -->\n<title>Tiempos de tr\u00e1nsito - Best Overnite Express<\/title>\n<meta name=\"description\" content=\"Obtenga tiempos de tr\u00e1nsito precisos para sus env\u00edos con Best Overnite Express. Planifique y gestione su log\u00edstica con eficacia. P\u00f3ngase en contacto con nosotros para obtener m\u00e1s informaci\u00f3n.\" \/>\n<meta name=\"robots\" content=\"index, follow, max-snippet:-1, max-image-preview:large, max-video-preview:-1\" \/>\n<link rel=\"canonical\" href=\"https:\/\/tempdev.bestovernite.com\/es\/tiempos-de-transito\/\" \/>\n<meta property=\"og:locale\" content=\"es_ES\" \/>\n<meta property=\"og:type\" content=\"article\" \/>\n<meta property=\"og:title\" content=\"Tiempos de tr\u00e1nsito - Best Overnite Express\" \/>\n<meta property=\"og:description\" content=\"Obtenga tiempos de tr\u00e1nsito precisos para sus env\u00edos con Best Overnite Express. Planifique y gestione su log\u00edstica con eficacia. P\u00f3ngase en contacto con nosotros para obtener m\u00e1s informaci\u00f3n.\" \/>\n<meta property=\"og:url\" content=\"https:\/\/tempdev.bestovernite.com\/es\/tiempos-de-transito\/\" \/>\n<meta property=\"og:site_name\" content=\"Best Overnite Express\" \/>\n<meta property=\"article:publisher\" content=\"https:\/\/www.facebook.com\/btvpltl\" \/>\n<meta property=\"article:modified_time\" content=\"2023-05-11T20:30:38+00:00\" \/>\n<meta name=\"twitter:card\" content=\"summary_large_image\" \/>\n<script type=\"application\/ld+json\" class=\"yoast-schema-graph\">{\"@context\":\"https:\/\/schema.org\",\"@graph\":[{\"@type\":\"WebPage\",\"@id\":\"https:\/\/tempdev.bestovernite.com\/es\/tiempos-de-transito\/\",\"url\":\"https:\/\/tempdev.bestovernite.com\/es\/tiempos-de-transito\/\",\"name\":\"Tiempos de tr\u00e1nsito - Best Overnite Express\",\"isPartOf\":{\"@id\":\"https:\/\/tempdev.bestovernite.com\/es\/#website\"},\"datePublished\":\"2022-11-10T13:26:21+00:00\",\"dateModified\":\"2023-05-11T20:30:38+00:00\",\"description\":\"Obtenga tiempos de tr\u00e1nsito precisos para sus env\u00edos con Best Overnite Express. Planifique y gestione su log\u00edstica con eficacia. P\u00f3ngase en contacto con nosotros para obtener m\u00e1s informaci\u00f3n.\",\"breadcrumb\":{\"@id\":\"https:\/\/tempdev.bestovernite.com\/es\/tiempos-de-transito\/#breadcrumb\"},\"inLanguage\":\"es\",\"potentialAction\":[{\"@type\":\"ReadAction\",\"target\":[\"https:\/\/tempdev.bestovernite.com\/es\/tiempos-de-transito\/\"]}]},{\"@type\":\"BreadcrumbList\",\"@id\":\"https:\/\/tempdev.bestovernite.com\/es\/tiempos-de-transito\/#breadcrumb\",\"itemListElement\":[{\"@type\":\"ListItem\",\"position\":1,\"name\":\"Casa\",\"item\":\"https:\/\/tempdev.bestovernite.com\/es\/casa\/\"},{\"@type\":\"ListItem\",\"position\":2,\"name\":\"Tiempos de tr\u00e1nsito\"}]},{\"@type\":\"WebSite\",\"@id\":\"https:\/\/tempdev.bestovernite.com\/es\/#website\",\"url\":\"https:\/\/tempdev.bestovernite.com\/es\/\",\"name\":\"Best Overnite Express\",\"description\":\"Su transportista LTL\",\"publisher\":{\"@id\":\"https:\/\/tempdev.bestovernite.com\/es\/#organization\"},\"potentialAction\":[{\"@type\":\"SearchAction\",\"target\":{\"@type\":\"EntryPoint\",\"urlTemplate\":\"https:\/\/tempdev.bestovernite.com\/es\/?s={search_term_string}\"},\"query-input\":\"required name=search_term_string\"}],\"inLanguage\":\"es\"},{\"@type\":\"Organization\",\"@id\":\"https:\/\/tempdev.bestovernite.com\/es\/#organization\",\"name\":\"Best Overnite Express\",\"url\":\"https:\/\/tempdev.bestovernite.com\/es\/\",\"logo\":{\"@type\":\"ImageObject\",\"inLanguage\":\"es\",\"@id\":\"https:\/\/tempdev.bestovernite.com\/es\/#\/schema\/logo\/image\/\",\"url\":\"https:\/\/tempdev.bestovernite.com\/wp-content\/uploads\/2022\/06\/logo.png\",\"contentUrl\":\"https:\/\/tempdev.bestovernite.com\/wp-content\/uploads\/2022\/06\/logo.png\",\"width\":294,\"height\":109,\"caption\":\"Best Overnite Express\"},\"image\":{\"@id\":\"https:\/\/tempdev.bestovernite.com\/es\/#\/schema\/logo\/image\/\"},\"sameAs\":[\"https:\/\/www.facebook.com\/btvpltl\",\"http:\/\/www.linkedin.com\/company\/best-overnite-express-inc-\",\"https:\/\/www.youtube.com\/user\/micahapple714\"]}]}<\/script>\n<!-- \/ Yoast SEO plugin. -->","yoast_head_json":{"title":"Tiempos de tr\u00e1nsito - Best Overnite Express","description":"Obtenga tiempos de tr\u00e1nsito precisos para sus env\u00edos con Best Overnite Express. Planifique y gestione su log\u00edstica con eficacia. P\u00f3ngase en contacto con nosotros para obtener m\u00e1s informaci\u00f3n.","robots":{"index":"index","follow":"follow","max-snippet":"max-snippet:-1","max-image-preview":"max-image-preview:large","max-video-preview":"max-video-preview:-1"},"canonical":"https:\/\/tempdev.bestovernite.com\/es\/tiempos-de-transito\/","og_locale":"es_ES","og_type":"article","og_title":"Tiempos de tr\u00e1nsito - Best Overnite Express","og_description":"Obtenga tiempos de tr\u00e1nsito precisos para sus env\u00edos con Best Overnite Express. Planifique y gestione su log\u00edstica con eficacia. P\u00f3ngase en contacto con nosotros para obtener m\u00e1s informaci\u00f3n.","og_url":"https:\/\/tempdev.bestovernite.com\/es\/tiempos-de-transito\/","og_site_name":"Best Overnite Express","article_publisher":"https:\/\/www.facebook.com\/btvpltl","article_modified_time":"2023-05-11T20:30:38+00:00","twitter_card":"summary_large_image","schema":{"@context":"https:\/\/schema.org","@graph":[{"@type":"WebPage","@id":"https:\/\/tempdev.bestovernite.com\/es\/tiempos-de-transito\/","url":"https:\/\/tempdev.bestovernite.com\/es\/tiempos-de-transito\/","name":"Tiempos de tr\u00e1nsito - Best Overnite Express","isPartOf":{"@id":"https:\/\/tempdev.bestovernite.com\/es\/#website"},"datePublished":"2022-11-10T13:26:21+00:00","dateModified":"2023-05-11T20:30:38+00:00","description":"Obtenga tiempos de tr\u00e1nsito precisos para sus env\u00edos con Best Overnite Express. Planifique y gestione su log\u00edstica con eficacia. P\u00f3ngase en contacto con nosotros para obtener m\u00e1s informaci\u00f3n.","breadcrumb":{"@id":"https:\/\/tempdev.bestovernite.com\/es\/tiempos-de-transito\/#breadcrumb"},"inLanguage":"es","potentialAction":[{"@type":"ReadAction","target":["https:\/\/tempdev.bestovernite.com\/es\/tiempos-de-transito\/"]}]},{"@type":"BreadcrumbList","@id":"https:\/\/tempdev.bestovernite.com\/es\/tiempos-de-transito\/#breadcrumb","itemListElement":[{"@type":"ListItem","position":1,"name":"Casa","item":"https:\/\/tempdev.bestovernite.com\/es\/casa\/"},{"@type":"ListItem","position":2,"name":"Tiempos de tr\u00e1nsito"}]},{"@type":"WebSite","@id":"https:\/\/tempdev.bestovernite.com\/es\/#website","url":"https:\/\/tempdev.bestovernite.com\/es\/","name":"Best Overnite Express","description":"Su transportista LTL","publisher":{"@id":"https:\/\/tempdev.bestovernite.com\/es\/#organization"},"potentialAction":[{"@type":"SearchAction","target":{"@type":"EntryPoint","urlTemplate":"https:\/\/tempdev.bestovernite.com\/es\/?s={search_term_string}"},"query-input":"required name=search_term_string"}],"inLanguage":"es"},{"@type":"Organization","@id":"https:\/\/tempdev.bestovernite.com\/es\/#organization","name":"Best Overnite Express","url":"https:\/\/tempdev.bestovernite.com\/es\/","logo":{"@type":"ImageObject","inLanguage":"es","@id":"https:\/\/tempdev.bestovernite.com\/es\/#\/schema\/logo\/image\/","url":"https:\/\/tempdev.bestovernite.com\/wp-content\/uploads\/2022\/06\/logo.png","contentUrl":"https:\/\/tempdev.bestovernite.com\/wp-content\/uploads\/2022\/06\/logo.png","width":294,"height":109,"caption":"Best Overnite Express"},"image":{"@id":"https:\/\/tempdev.bestovernite.com\/es\/#\/schema\/logo\/image\/"},"sameAs":["https:\/\/www.facebook.com\/btvpltl","http:\/\/www.linkedin.com\/company\/best-overnite-express-inc-","https:\/\/www.youtube.com\/user\/micahapple714"]}]}},"_links":{"self":[{"href":"https:\/\/tempdev.bestovernite.com\/es\/wp-json\/wp\/v2\/pages\/2410","targetHints":{"allow":["GET"]}}],"collection":[{"href":"https:\/\/tempdev.bestovernite.com\/es\/wp-json\/wp\/v2\/pages"}],"about":[{"href":"https:\/\/tempdev.bestovernite.com\/es\/wp-json\/wp\/v2\/types\/page"}],"author":[{"embeddable":true,"href":"https:\/\/tempdev.bestovernite.com\/es\/wp-json\/wp\/v2\/users\/1"}],"replies":[{"embeddable":true,"href":"https:\/\/tempdev.bestovernite.com\/es\/wp-json\/wp\/v2\/comments?post=2410"}],"version-history":[{"count":1,"href":"https:\/\/tempdev.bestovernite.com\/es\/wp-json\/wp\/v2\/pages\/2410\/revisions"}],"predecessor-version":[{"id":2411,"href":"https:\/\/tempdev.bestovernite.com\/es\/wp-json\/wp\/v2\/pages\/2410\/revisions\/2411"}],"wp:attachment":[{"href":"https:\/\/tempdev.bestovernite.com\/es\/wp-json\/wp\/v2\/media?parent=2410"}],"curies":[{"name":"wp","href":"https:\/\/api.w.org\/{rel}","templated":true}]}}